{"id":118806,"date":"2025-02-17T10:17:54","date_gmt":"2025-02-17T15:17:54","guid":{"rendered":"https:\/\/irpp-policy-options.local\/serie\/"},"modified":"2025-04-09T22:45:40","modified_gmt":"2025-04-10T02:45:40","slug":"dossiers","status":"publish","type":"page","link":"https:\/\/potestlaunch.irpp.org\/fr\/series\/","title":{"rendered":"Dossiers"},"content":{"rendered":"\t\t<div data-elementor-type=\"wp-page\" data-elementor-id=\"118806\" class=\"elementor elementor-118806 elementor-96030\" data-elementor-post-type=\"page\">\n\t\t\t\t<div class=\"elementor-element elementor-element-2713c03 e-flex e-con-boxed e-con e-parent\" data-id=\"2713c03\" data-element_type=\"container\">\n\t\t\t\t\t<div class=\"e-con-inner\">\n\t\t<div class=\"elementor-element elementor-element-48fd3c7 e-con-full e-flex e-con e-child\" data-id=\"48fd3c7\" data-element_type=\"container\">\n\t\t\t\t<div class=\"elementor-element elementor-element-29a31395 elementor-widget elementor-widget-text-editor\" data-id=\"29a31395\" data-element_type=\"widget\" data-widget_type=\"text-editor.default\">\n\t\t\t\t<div class=\"elementor-widget-container\">\n\t\t\t\t\t\t\t\t\t<p><em>Options politiques<\/em> publie plusieurs fois par ann\u00e9e des dossiers sur des aspects pr\u00e9cis des d\u00e9bats de politiques publiques. Chaque s\u00e9rie aborde le sujet sous diff\u00e9rents angles, en rassemblant des points de vue vari\u00e9s d&rsquo;experts canadiens et internationaux. Cette masse critique d&rsquo;id\u00e9es constitue un outil utile pour les chercheurs, les \u00e9tudiants et tous ceux qui souhaitent approfondir leur compr\u00e9hension d&rsquo;un th\u00e8me particulier.  <\/p>\n\t\t\t\t\t\t\t\t<\/div>\n\t\t\t\t<\/div>\n\t\t\t\t<\/div>\n\t\t<div class=\"elementor-element elementor-element-3a169df e-con-full e-flex e-con e-child\" data-id=\"3a169df\" data-element_type=\"container\">\n\t\t\t\t<div class=\"elementor-element elementor-element-82ce269 elementor-grid-1 elementor-widget__width-inherit elementor-grid-tablet-2 elementor-grid-mobile-1 elementor-widget elementor-widget-loop-grid\" data-id=\"82ce269\" data-element_type=\"widget\" data-settings=\"{&quot;template_id&quot;:118292,&quot;columns&quot;:1,&quot;_skin&quot;:&quot;post&quot;,&quot;columns_tablet&quot;:&quot;2&quot;,&quot;columns_mobile&quot;:&quot;1&quot;,&quot;edit_handle_selector&quot;:&quot;[data-elementor-type=\\&quot;loop-item\\&quot;]&quot;,&quot;row_gap&quot;:{&quot;unit&quot;:&quot;px&quot;,&quot;size&quot;:&quot;&quot;,&quot;sizes&quot;:[]},&quot;row_gap_tablet&quot;:{&quot;unit&quot;:&quot;px&quot;,&quot;size&quot;:&quot;&quot;,&quot;sizes&quot;:[]},&quot;row_gap_mobile&quot;:{&quot;unit&quot;:&quot;px&quot;,&quot;size&quot;:&quot;&quot;,&quot;sizes&quot;:[]}}\" data-widget_type=\"loop-grid.post\">\n\t\t\t\t<div class=\"elementor-widget-container\">\n\t\t\t\t\t\t\t<div class=\"e-loop-nothing-found-message\">\n\t\t<\/div>\n\t\t\t\t\t\t<\/div>\n\t\t\t\t<\/div>\n\t\t\t\t<\/div>\n\t\t<div class=\"elementor-element elementor-element-1c783a3 e-con-full e-flex e-con e-child\" data-id=\"1c783a3\" data-element_type=\"container\">\n\t\t\t\t<div class=\"elementor-element elementor-element-0443696 elementor-grid-4 SeriesLoopGrid elementor-grid-tablet-2 elementor-grid-mobile-1 elementor-widget elementor-widget-loop-grid\" data-id=\"0443696\" data-element_type=\"widget\" data-settings=\"{&quot;template_id&quot;:118287,&quot;columns&quot;:4,&quot;pagination_type&quot;:&quot;load_more_on_click&quot;,&quot;_skin&quot;:&quot;post&quot;,&quot;columns_tablet&quot;:&quot;2&quot;,&quot;columns_mobile&quot;:&quot;1&quot;,&quot;edit_handle_selector&quot;:&quot;[data-elementor-type=\\&quot;loop-item\\&quot;]&quot;,&quot;load_more_spinner&quot;:{&quot;value&quot;:&quot;fas fa-spinner&quot;,&quot;library&quot;:&quot;fa-solid&quot;},&quot;row_gap&quot;:{&quot;unit&quot;:&quot;px&quot;,&quot;size&quot;:&quot;&quot;,&quot;sizes&quot;:[]},&quot;row_gap_tablet&quot;:{&quot;unit&quot;:&quot;px&quot;,&quot;size&quot;:&quot;&quot;,&quot;sizes&quot;:[]},&quot;row_gap_mobile&quot;:{&quot;unit&quot;:&quot;px&quot;,&quot;size&quot;:&quot;&quot;,&quot;sizes&quot;:[]}}\" data-widget_type=\"loop-grid.post\">\n\t\t\t\t<div class=\"elementor-widget-container\">\n\t\t\t\t\t\t\t<div class=\"e-loop-nothing-found-message\">\n\t\t<\/div>\n\t\t\t\t\t\t<\/div>\n\t\t\t\t<\/div>\n\t\t\t\t<\/div>\n\t\t\t\t\t<\/div>\n\t\t\t\t<\/div>\n\t\t<div class=\"elementor-element elementor-element-af70fc5 e-flex e-con-boxed e-con e-parent\" data-id=\"af70fc5\" data-element_type=\"container\">\n\t\t\t\t\t<div class=\"e-con-inner\">\n\t\t\t\t<div class=\"elementor-element elementor-element-5c4f624 elementor-widget elementor-widget-adbutler_input\" data-id=\"5c4f624\" data-element_type=\"widget\" data-widget_type=\"adbutler_input.default\">\n\t\t\t\t<div class=\"elementor-widget-container\">\n\t\t\t\t\t<div class=\"ce-adbutler-insert\"><!-- shortcode [asyncbeta] -->\n        <script type=\"text\/javascript\">\n            if (!window.AdButler) {\n                (function () {\n                    var s = document.createElement(\"script\");\n                    s.async = true;\n                    s.type = \"text\/javascript\";\n                    s.src = 'https:\/\/servedbyadbutler.com\/app.js';\n                    var n = document.getElementsByTagName(\"script\")[0];\n                    n.parentNode.insertBefore(s, n);\n                }());\n            }\n        <\/script>\n        <div class=\"plc824326\"><\/div>\n        <script type=\"text\/javascript\">\n            var AdButler = AdButler || {};\n            AdButler.ads = AdButler.ads || [];\n            var abkw = window.abkw || '';\n            var plc824326 = window.plc824326 || 0;\n            (function(){\n                var divs = document.querySelectorAll(\".plc824326:not([id])\");\n                var div = divs[divs.length-1];\n                div.id = \"placement_824326_\"+plc824326;\n                AdButler.ads.push({\n                    handler: function (opt) {\n                        AdButler.register(171770,824326, [300,250], 'placement_824326_' + opt.place, opt);\n                    },\n                    opt: {\n                        place: plc824326++,\n                        keywords: abkw ,\n                        domain: 'servedbyadbutler.com'\n                    }\n                });\n            })()\n        <\/script>\n        <\/div>\t\t\t\t<\/div>\n\t\t\t\t<\/div>\n\t\t\t\t\t<\/div>\n\t\t\t\t<\/div>\n\t\t\t\t<\/div>\n\t\t","protected":false},"excerpt":{"rendered":"<p>Options politiques publie plusieurs fois par ann\u00e9e des dossiers sur des aspects pr\u00e9cis des d\u00e9bats de politiques publiques. Chaque s\u00e9rie aborde le sujet sous diff\u00e9rents angles, en rassemblant des points de vue vari\u00e9s d&rsquo;experts canadiens et internationaux. Cette masse critique d&rsquo;id\u00e9es constitue un outil utile pour les chercheurs, les \u00e9tudiants et tous ceux qui souhaitent [&hellip;]<\/p>\n","protected":false},"author":1,"featured_media":0,"parent":0,"menu_order":0,"comment_status":"closed","ping_status":"closed","template":"","meta":{"_acf_changed":false,"content-type":"","ep_exclude_from_search":false,"footnotes":""},"class_list":["post-118806","page","type-page","status-publish","hentry"],"acf":[],"yoast_head":"<!-- This site is optimized with the Yoast SEO plugin v25.2 - https:\/\/yoast.com\/wordpress\/plugins\/seo\/ -->\n<title>Dossiers - Policy Options<\/title>\n<meta name=\"robots\" content=\"index, follow, max-snippet:-1, max-image-preview:large, max-video-preview:-1\" \/>\n<link rel=\"canonical\" href=\"https:\/\/potestlaunch.irpp.org\/fr\/series\/\" \/>\n<meta property=\"og:locale\" content=\"fr_FR\" \/>\n<meta property=\"og:type\" content=\"article\" \/>\n<meta property=\"og:title\" content=\"Dossiers - Policy Options\" \/>\n<meta property=\"og:description\" content=\"Options politiques publie plusieurs fois par ann\u00e9e des dossiers sur des aspects pr\u00e9cis des d\u00e9bats de politiques publiques. Chaque s\u00e9rie aborde le sujet sous diff\u00e9rents angles, en rassemblant des points de vue vari\u00e9s d&rsquo;experts canadiens et internationaux. Cette masse critique d&rsquo;id\u00e9es constitue un outil utile pour les chercheurs, les \u00e9tudiants et tous ceux qui souhaitent [&hellip;]\" \/>\n<meta property=\"og:url\" content=\"https:\/\/potestlaunch.irpp.org\/fr\/series\/\" \/>\n<meta property=\"og:site_name\" content=\"Policy Options\" \/>\n<meta property=\"article:publisher\" content=\"https:\/\/www.facebook.com\/IRPP.org\" \/>\n<meta property=\"article:modified_time\" content=\"2025-04-10T02:45:40+00:00\" \/>\n<meta property=\"og:image\" content=\"https:\/\/potestlaunch.irpp.org\/wp-content\/uploads\/2019\/04\/policy-options-og-image.jpg\" \/>\n\t<meta property=\"og:image:width\" content=\"1200\" \/>\n\t<meta property=\"og:image:height\" content=\"630\" \/>\n\t<meta property=\"og:image:type\" content=\"image\/jpeg\" \/>\n<meta name=\"twitter:card\" content=\"summary_large_image\" \/>\n<meta name=\"twitter:site\" content=\"@irpp\" \/>\n<meta name=\"twitter:label1\" content=\"Est. reading time\" \/>\n\t<meta name=\"twitter:data1\" content=\"2 minutes\" \/>\n<script type=\"application\/ld+json\" class=\"yoast-schema-graph\">{\"@context\":\"https:\/\/schema.org\",\"@graph\":[{\"@type\":\"WebPage\",\"@id\":\"https:\/\/potestlaunch.irpp.org\/fr\/series\/\",\"url\":\"https:\/\/potestlaunch.irpp.org\/fr\/series\/\",\"name\":\"Dossiers - Policy Options\",\"isPartOf\":{\"@id\":\"https:\/\/potestlaunch.irpp.org\/fr\/#website\"},\"datePublished\":\"2025-02-17T15:17:54+00:00\",\"dateModified\":\"2025-04-10T02:45:40+00:00\",\"breadcrumb\":{\"@id\":\"https:\/\/potestlaunch.irpp.org\/fr\/series\/#breadcrumb\"},\"inLanguage\":\"fr-FR\",\"potentialAction\":[{\"@type\":\"ReadAction\",\"target\":[\"https:\/\/potestlaunch.irpp.org\/fr\/series\/\"]}]},{\"@type\":\"BreadcrumbList\",\"@id\":\"https:\/\/potestlaunch.irpp.org\/fr\/series\/#breadcrumb\",\"itemListElement\":[{\"@type\":\"ListItem\",\"position\":1,\"name\":\"Home\",\"item\":\"https:\/\/potestlaunch.irpp.org\/fr\/\"},{\"@type\":\"ListItem\",\"position\":2,\"name\":\"Dossiers\"}]},{\"@type\":\"WebSite\",\"@id\":\"https:\/\/potestlaunch.irpp.org\/fr\/#website\",\"url\":\"https:\/\/potestlaunch.irpp.org\/fr\/\",\"name\":\"Policy Options\",\"description\":\"Institute for Research on Public Policy\",\"publisher\":{\"@id\":\"https:\/\/potestlaunch.irpp.org\/fr\/#organization\"},\"potentialAction\":[{\"@type\":\"SearchAction\",\"target\":{\"@type\":\"EntryPoint\",\"urlTemplate\":\"https:\/\/potestlaunch.irpp.org\/fr\/?s={search_term_string}\"},\"query-input\":{\"@type\":\"PropertyValueSpecification\",\"valueRequired\":true,\"valueName\":\"search_term_string\"}}],\"inLanguage\":\"fr-FR\"},{\"@type\":\"Organization\",\"@id\":\"https:\/\/potestlaunch.irpp.org\/fr\/#organization\",\"name\":\"Policy Options\",\"url\":\"https:\/\/potestlaunch.irpp.org\/fr\/\",\"logo\":{\"@type\":\"ImageObject\",\"inLanguage\":\"fr-FR\",\"@id\":\"https:\/\/potestlaunch.irpp.org\/fr\/#\/schema\/logo\/image\/\",\"url\":\"https:\/\/potestlaunch.irpp.org\/wp-content\/uploads\/2024\/11\/PolicyOptions_Logo.png\",\"contentUrl\":\"https:\/\/potestlaunch.irpp.org\/wp-content\/uploads\/2024\/11\/PolicyOptions_Logo.png\",\"width\":1200,\"height\":365,\"caption\":\"Policy Options\"},\"image\":{\"@id\":\"https:\/\/potestlaunch.irpp.org\/fr\/#\/schema\/logo\/image\/\"},\"sameAs\":[\"https:\/\/www.facebook.com\/IRPP.org\",\"https:\/\/x.com\/irpp\"]}]}<\/script>\n<!-- \/ Yoast SEO plugin. -->","yoast_head_json":{"title":"Dossiers - Policy Options","robots":{"index":"index","follow":"follow","max-snippet":"max-snippet:-1","max-image-preview":"max-image-preview:large","max-video-preview":"max-video-preview:-1"},"canonical":"https:\/\/potestlaunch.irpp.org\/fr\/series\/","og_locale":"fr_FR","og_type":"article","og_title":"Dossiers - Policy Options","og_description":"Options politiques publie plusieurs fois par ann\u00e9e des dossiers sur des aspects pr\u00e9cis des d\u00e9bats de politiques publiques. Chaque s\u00e9rie aborde le sujet sous diff\u00e9rents angles, en rassemblant des points de vue vari\u00e9s d&rsquo;experts canadiens et internationaux. Cette masse critique d&rsquo;id\u00e9es constitue un outil utile pour les chercheurs, les \u00e9tudiants et tous ceux qui souhaitent [&hellip;]","og_url":"https:\/\/potestlaunch.irpp.org\/fr\/series\/","og_site_name":"Policy Options","article_publisher":"https:\/\/www.facebook.com\/IRPP.org","article_modified_time":"2025-04-10T02:45:40+00:00","og_image":[{"width":1200,"height":630,"url":"https:\/\/potestlaunch.irpp.org\/wp-content\/uploads\/2019\/04\/policy-options-og-image.jpg","type":"image\/jpeg"}],"twitter_card":"summary_large_image","twitter_site":"@irpp","twitter_misc":{"Est. reading time":"2 minutes"},"schema":{"@context":"https:\/\/schema.org","@graph":[{"@type":"WebPage","@id":"https:\/\/potestlaunch.irpp.org\/fr\/series\/","url":"https:\/\/potestlaunch.irpp.org\/fr\/series\/","name":"Dossiers - Policy Options","isPartOf":{"@id":"https:\/\/potestlaunch.irpp.org\/fr\/#website"},"datePublished":"2025-02-17T15:17:54+00:00","dateModified":"2025-04-10T02:45:40+00:00","breadcrumb":{"@id":"https:\/\/potestlaunch.irpp.org\/fr\/series\/#breadcrumb"},"inLanguage":"fr-FR","potentialAction":[{"@type":"ReadAction","target":["https:\/\/potestlaunch.irpp.org\/fr\/series\/"]}]},{"@type":"BreadcrumbList","@id":"https:\/\/potestlaunch.irpp.org\/fr\/series\/#breadcrumb","itemListElement":[{"@type":"ListItem","position":1,"name":"Home","item":"https:\/\/potestlaunch.irpp.org\/fr\/"},{"@type":"ListItem","position":2,"name":"Dossiers"}]},{"@type":"WebSite","@id":"https:\/\/potestlaunch.irpp.org\/fr\/#website","url":"https:\/\/potestlaunch.irpp.org\/fr\/","name":"Policy Options","description":"Institute for Research on Public Policy","publisher":{"@id":"https:\/\/potestlaunch.irpp.org\/fr\/#organization"},"potentialAction":[{"@type":"SearchAction","target":{"@type":"EntryPoint","urlTemplate":"https:\/\/potestlaunch.irpp.org\/fr\/?s={search_term_string}"},"query-input":{"@type":"PropertyValueSpecification","valueRequired":true,"valueName":"search_term_string"}}],"inLanguage":"fr-FR"},{"@type":"Organization","@id":"https:\/\/potestlaunch.irpp.org\/fr\/#organization","name":"Policy Options","url":"https:\/\/potestlaunch.irpp.org\/fr\/","logo":{"@type":"ImageObject","inLanguage":"fr-FR","@id":"https:\/\/potestlaunch.irpp.org\/fr\/#\/schema\/logo\/image\/","url":"https:\/\/potestlaunch.irpp.org\/wp-content\/uploads\/2024\/11\/PolicyOptions_Logo.png","contentUrl":"https:\/\/potestlaunch.irpp.org\/wp-content\/uploads\/2024\/11\/PolicyOptions_Logo.png","width":1200,"height":365,"caption":"Policy Options"},"image":{"@id":"https:\/\/potestlaunch.irpp.org\/fr\/#\/schema\/logo\/image\/"},"sameAs":["https:\/\/www.facebook.com\/IRPP.org","https:\/\/x.com\/irpp"]}]}},"_links":{"self":[{"href":"https:\/\/potestlaunch.irpp.org\/fr\/wp-json\/wp\/v2\/pages\/118806","targetHints":{"allow":["GET"]}}],"collection":[{"href":"https:\/\/potestlaunch.irpp.org\/fr\/wp-json\/wp\/v2\/pages"}],"about":[{"href":"https:\/\/potestlaunch.irpp.org\/fr\/wp-json\/wp\/v2\/types\/page"}],"author":[{"embeddable":true,"href":"https:\/\/potestlaunch.irpp.org\/fr\/wp-json\/wp\/v2\/users\/1"}],"replies":[{"embeddable":true,"href":"https:\/\/potestlaunch.irpp.org\/fr\/wp-json\/wp\/v2\/comments?post=118806"}],"version-history":[{"count":0,"href":"https:\/\/potestlaunch.irpp.org\/fr\/wp-json\/wp\/v2\/pages\/118806\/revisions"}],"wp:attachment":[{"href":"https:\/\/potestlaunch.irpp.org\/fr\/wp-json\/wp\/v2\/media?parent=118806"}],"curies":[{"name":"wp","href":"https:\/\/api.w.org\/{rel}","templated":true}]}}