{"id":17941,"date":"2014-05-12T11:22:20","date_gmt":"2014-05-12T15:22:20","guid":{"rendered":"http:\/\/policyoptions.atomicmotion.com\/policyblog\/fr\/advertising\/"},"modified":"2025-02-19T21:42:09","modified_gmt":"2025-02-20T02:42:09","slug":"advertising","status":"publish","type":"page","link":"https:\/\/potestlaunch.irpp.org\/fr\/a-propos\/advertising\/","title":{"rendered":"Publicit\u00e9"},"content":{"rendered":"\t\t<div data-elementor-type=\"wp-page\" data-elementor-id=\"17941\" class=\"elementor elementor-17941 elementor-154\" data-elementor-post-type=\"page\">\n\t\t\t\t<div class=\"elementor-element elementor-element-edbba9c e-flex e-con-boxed e-con e-parent\" data-id=\"edbba9c\" data-element_type=\"container\">\n\t\t\t\t\t<div class=\"e-con-inner\">\n\t\t\t\t<div class=\"elementor-element elementor-element-5cb23cb1 elementor-widget elementor-widget-text-editor\" data-id=\"5cb23cb1\" data-element_type=\"widget\" data-widget_type=\"text-editor.default\">\n\t\t\t\t<div class=\"elementor-widget-container\">\n\t\t\t\t\t\t\t\t\t<p>Notre lectorat est vaste. Nous rejoignons les sp\u00e9cialistes et les observateurs politiques les plus influents du pays tout comme les passionn\u00e9s de la chose publique. Nous comptons parmi nos lecteurs des repr\u00e9sentants des gouvernements f\u00e9d\u00e9ral, provinciaux et municipaux, des dirigeants d\u2019entreprise, des journalistes, des professeurs, des \u00e9tudiants et des chercheurs d\u2019autres organismes de politiques publiques.<\/p>\t\t\t\t\t\t\t\t<\/div>\n\t\t\t\t<\/div>\n\t\t\t\t<div class=\"elementor-element elementor-element-2723bc6 elementor-align-left elementor-widget__width-initial elementor-widget elementor-widget-button\" data-id=\"2723bc6\" data-element_type=\"widget\" data-widget_type=\"button.default\">\n\t\t\t\t<div class=\"elementor-widget-container\">\n\t\t\t\t\t\t\t\t\t<div class=\"elementor-button-wrapper\">\n\t\t\t\t\t<a class=\"elementor-button elementor-button-link elementor-size-sm\" href=\"https:\/\/potestlaunch.irpp.org\/wp-content\/uploads\/2024\/02\/2024.IRPP-Media-Kit-fr-1.pdf\" target=\"_blank\">\n\t\t\t\t\t\t<span class=\"elementor-button-content-wrapper\">\n\t\t\t\t\t\t<span class=\"elementor-button-icon\">\n\t\t\t\t<svg aria-hidden=\"true\" class=\"e-font-icon-svg e-fas-long-arrow-alt-right\" viewBox=\"0 0 448 512\" xmlns=\"http:\/\/www.w3.org\/2000\/svg\"><path d=\"M313.941 216H12c-6.627 0-12 5.373-12 12v56c0 6.627 5.373 12 12 12h301.941v46.059c0 21.382 25.851 32.09 40.971 16.971l86.059-86.059c9.373-9.373 9.373-24.569 0-33.941l-86.059-86.059c-15.119-15.119-40.971-4.411-40.971 16.971V216z\"><\/path><\/svg>\t\t\t<\/span>\n\t\t\t\t\t\t\t\t\t<span class=\"elementor-button-text\">Carte de tarifs<\/span>\n\t\t\t\t\t<\/span>\n\t\t\t\t\t<\/a>\n\t\t\t\t<\/div>\n\t\t\t\t\t\t\t\t<\/div>\n\t\t\t\t<\/div>\n\t\t\t\t<div class=\"elementor-element elementor-element-d675c34 elementor-widget elementor-widget-text-editor\" data-id=\"d675c34\" data-element_type=\"widget\" data-widget_type=\"text-editor.default\">\n\t\t\t\t<div class=\"elementor-widget-container\">\n\t\t\t\t\t\t\t\t\t<p>Pour plus d&rsquo;informations, contactez <a href=\"https:\/\/irpp.org\/fr\/people\/suzanne-ostiguy-mcintyre\/\">Suzanne Ostiguy McIntyre<\/a>.<\/p>\t\t\t\t\t\t\t\t<\/div>\n\t\t\t\t<\/div>\n\t\t\t\t\t<\/div>\n\t\t\t\t<\/div>\n\t\t\t\t<\/div>\n\t\t","protected":false},"excerpt":{"rendered":"<p>Notre lectorat est vaste. Nous rejoignons les sp\u00e9cialistes et les observateurs politiques les plus influents du pays tout comme les passionn\u00e9s de la chose publique. Nous comptons parmi nos lecteurs des repr\u00e9sentants des gouvernements f\u00e9d\u00e9ral, provinciaux et municipaux, des dirigeants d\u2019entreprise, des journalistes, des professeurs, des \u00e9tudiants et des chercheurs d\u2019autres organismes de politiques publiques. [&hellip;]<\/p>\n","protected":false},"author":1,"featured_media":0,"parent":17967,"menu_order":0,"comment_status":"open","ping_status":"closed","template":"","meta":{"_acf_changed":false,"content-type":"","ep_exclude_from_search":false,"footnotes":""},"class_list":["post-17941","page","type-page","status-publish","hentry"],"acf":[],"yoast_head":"<!-- This site is optimized with the Yoast SEO plugin v25.2 - https:\/\/yoast.com\/wordpress\/plugins\/seo\/ -->\n<title>Annoncez dans Options politiques<\/title>\n<meta name=\"description\" content=\"La pr\u00e9sence num\u00e9rique d\u2019Options politiques est en plein essor, comme en t\u00e9moignent ses 100 000 pages vues par mois.\" \/>\n<meta name=\"robots\" content=\"index, follow, max-snippet:-1, max-image-preview:large, max-video-preview:-1\" \/>\n<link rel=\"canonical\" href=\"https:\/\/potestlaunch.irpp.org\/fr\/a-propos\/advertising\/\" \/>\n<meta property=\"og:locale\" content=\"fr_FR\" \/>\n<meta property=\"og:type\" content=\"article\" \/>\n<meta property=\"og:title\" content=\"Annoncez dans Options politiques\" \/>\n<meta property=\"og:description\" content=\"La pr\u00e9sence num\u00e9rique d\u2019Options politiques est en plein essor, comme en t\u00e9moignent ses 100 000 pages vues par mois.\" \/>\n<meta property=\"og:url\" content=\"https:\/\/potestlaunch.irpp.org\/fr\/a-propos\/advertising\/\" \/>\n<meta property=\"og:site_name\" content=\"Policy Options\" \/>\n<meta property=\"article:publisher\" content=\"https:\/\/www.facebook.com\/IRPP.org\" \/>\n<meta property=\"article:modified_time\" content=\"2025-02-20T02:42:09+00:00\" \/>\n<meta property=\"og:image\" content=\"https:\/\/potestlaunch.irpp.org\/wp-content\/uploads\/2019\/04\/policy-options-og-image.jpg\" \/>\n\t<meta property=\"og:image:width\" content=\"1200\" \/>\n\t<meta property=\"og:image:height\" content=\"630\" \/>\n\t<meta property=\"og:image:type\" content=\"image\/jpeg\" \/>\n<meta name=\"twitter:card\" content=\"summary_large_image\" \/>\n<meta name=\"twitter:title\" content=\"Annoncez dans Options politiques\" \/>\n<meta name=\"twitter:description\" content=\"La pr\u00e9sence num\u00e9rique d\u2019Options politiques est en plein essor, comme en t\u00e9moignent ses 100 000 pages vues par mois.\" \/>\n<meta name=\"twitter:image\" content=\"https:\/\/potestlaunch.irpp.org\/wp-content\/uploads\/2018\/06\/PO-Twitter-Image.png\" \/>\n<meta name=\"twitter:site\" content=\"@irpp\" \/>\n<meta name=\"twitter:label1\" content=\"Est. reading time\" \/>\n\t<meta name=\"twitter:data1\" content=\"1 minute\" \/>\n<script type=\"application\/ld+json\" class=\"yoast-schema-graph\">{\"@context\":\"https:\/\/schema.org\",\"@graph\":[{\"@type\":\"WebPage\",\"@id\":\"https:\/\/potestlaunch.irpp.org\/fr\/a-propos\/advertising\/\",\"url\":\"https:\/\/potestlaunch.irpp.org\/fr\/a-propos\/advertising\/\",\"name\":\"Annoncez dans Options politiques\",\"isPartOf\":{\"@id\":\"https:\/\/potestlaunch.irpp.org\/fr\/#website\"},\"datePublished\":\"2014-05-12T15:22:20+00:00\",\"dateModified\":\"2025-02-20T02:42:09+00:00\",\"description\":\"La pr\u00e9sence num\u00e9rique d\u2019Options politiques est en plein essor, comme en t\u00e9moignent ses 100 000 pages vues par mois.\",\"breadcrumb\":{\"@id\":\"https:\/\/potestlaunch.irpp.org\/fr\/a-propos\/advertising\/#breadcrumb\"},\"inLanguage\":\"fr-FR\",\"potentialAction\":[{\"@type\":\"ReadAction\",\"target\":[\"https:\/\/potestlaunch.irpp.org\/fr\/a-propos\/advertising\/\"]}]},{\"@type\":\"BreadcrumbList\",\"@id\":\"https:\/\/potestlaunch.irpp.org\/fr\/a-propos\/advertising\/#breadcrumb\",\"itemListElement\":[{\"@type\":\"ListItem\",\"position\":1,\"name\":\"Home\",\"item\":\"https:\/\/potestlaunch.irpp.org\/fr\/\"},{\"@type\":\"ListItem\",\"position\":2,\"name\":\"\u00c0 propos\",\"item\":\"https:\/\/potestlaunch.irpp.org\/fr\/a-propos\/\"},{\"@type\":\"ListItem\",\"position\":3,\"name\":\"Publicit\u00e9\"}]},{\"@type\":\"WebSite\",\"@id\":\"https:\/\/potestlaunch.irpp.org\/fr\/#website\",\"url\":\"https:\/\/potestlaunch.irpp.org\/fr\/\",\"name\":\"Policy Options\",\"description\":\"Institute for Research on Public Policy\",\"publisher\":{\"@id\":\"https:\/\/potestlaunch.irpp.org\/fr\/#organization\"},\"potentialAction\":[{\"@type\":\"SearchAction\",\"target\":{\"@type\":\"EntryPoint\",\"urlTemplate\":\"https:\/\/potestlaunch.irpp.org\/fr\/?s={search_term_string}\"},\"query-input\":{\"@type\":\"PropertyValueSpecification\",\"valueRequired\":true,\"valueName\":\"search_term_string\"}}],\"inLanguage\":\"fr-FR\"},{\"@type\":\"Organization\",\"@id\":\"https:\/\/potestlaunch.irpp.org\/fr\/#organization\",\"name\":\"Policy Options\",\"url\":\"https:\/\/potestlaunch.irpp.org\/fr\/\",\"logo\":{\"@type\":\"ImageObject\",\"inLanguage\":\"fr-FR\",\"@id\":\"https:\/\/potestlaunch.irpp.org\/fr\/#\/schema\/logo\/image\/\",\"url\":\"https:\/\/potestlaunch.irpp.org\/wp-content\/uploads\/2024\/11\/PolicyOptions_Logo.png\",\"contentUrl\":\"https:\/\/potestlaunch.irpp.org\/wp-content\/uploads\/2024\/11\/PolicyOptions_Logo.png\",\"width\":1200,\"height\":365,\"caption\":\"Policy Options\"},\"image\":{\"@id\":\"https:\/\/potestlaunch.irpp.org\/fr\/#\/schema\/logo\/image\/\"},\"sameAs\":[\"https:\/\/www.facebook.com\/IRPP.org\",\"https:\/\/x.com\/irpp\"]}]}<\/script>\n<!-- \/ Yoast SEO plugin. -->","yoast_head_json":{"title":"Annoncez dans Options politiques","description":"La pr\u00e9sence num\u00e9rique d\u2019Options politiques est en plein essor, comme en t\u00e9moignent ses 100 000 pages vues par mois.","robots":{"index":"index","follow":"follow","max-snippet":"max-snippet:-1","max-image-preview":"max-image-preview:large","max-video-preview":"max-video-preview:-1"},"canonical":"https:\/\/potestlaunch.irpp.org\/fr\/a-propos\/advertising\/","og_locale":"fr_FR","og_type":"article","og_title":"Annoncez dans Options politiques","og_description":"La pr\u00e9sence num\u00e9rique d\u2019Options politiques est en plein essor, comme en t\u00e9moignent ses 100 000 pages vues par mois.","og_url":"https:\/\/potestlaunch.irpp.org\/fr\/a-propos\/advertising\/","og_site_name":"Policy Options","article_publisher":"https:\/\/www.facebook.com\/IRPP.org","article_modified_time":"2025-02-20T02:42:09+00:00","og_image":[{"width":1200,"height":630,"url":"https:\/\/potestlaunch.irpp.org\/wp-content\/uploads\/2019\/04\/policy-options-og-image.jpg","type":"image\/jpeg"}],"twitter_card":"summary_large_image","twitter_title":"Annoncez dans Options politiques","twitter_description":"La pr\u00e9sence num\u00e9rique d\u2019Options politiques est en plein essor, comme en t\u00e9moignent ses 100 000 pages vues par mois.","twitter_image":"https:\/\/potestlaunch.irpp.org\/wp-content\/uploads\/2018\/06\/PO-Twitter-Image.png","twitter_site":"@irpp","twitter_misc":{"Est. reading time":"1 minute"},"schema":{"@context":"https:\/\/schema.org","@graph":[{"@type":"WebPage","@id":"https:\/\/potestlaunch.irpp.org\/fr\/a-propos\/advertising\/","url":"https:\/\/potestlaunch.irpp.org\/fr\/a-propos\/advertising\/","name":"Annoncez dans Options politiques","isPartOf":{"@id":"https:\/\/potestlaunch.irpp.org\/fr\/#website"},"datePublished":"2014-05-12T15:22:20+00:00","dateModified":"2025-02-20T02:42:09+00:00","description":"La pr\u00e9sence num\u00e9rique d\u2019Options politiques est en plein essor, comme en t\u00e9moignent ses 100 000 pages vues par mois.","breadcrumb":{"@id":"https:\/\/potestlaunch.irpp.org\/fr\/a-propos\/advertising\/#breadcrumb"},"inLanguage":"fr-FR","potentialAction":[{"@type":"ReadAction","target":["https:\/\/potestlaunch.irpp.org\/fr\/a-propos\/advertising\/"]}]},{"@type":"BreadcrumbList","@id":"https:\/\/potestlaunch.irpp.org\/fr\/a-propos\/advertising\/#breadcrumb","itemListElement":[{"@type":"ListItem","position":1,"name":"Home","item":"https:\/\/potestlaunch.irpp.org\/fr\/"},{"@type":"ListItem","position":2,"name":"\u00c0 propos","item":"https:\/\/potestlaunch.irpp.org\/fr\/a-propos\/"},{"@type":"ListItem","position":3,"name":"Publicit\u00e9"}]},{"@type":"WebSite","@id":"https:\/\/potestlaunch.irpp.org\/fr\/#website","url":"https:\/\/potestlaunch.irpp.org\/fr\/","name":"Policy Options","description":"Institute for Research on Public Policy","publisher":{"@id":"https:\/\/potestlaunch.irpp.org\/fr\/#organization"},"potentialAction":[{"@type":"SearchAction","target":{"@type":"EntryPoint","urlTemplate":"https:\/\/potestlaunch.irpp.org\/fr\/?s={search_term_string}"},"query-input":{"@type":"PropertyValueSpecification","valueRequired":true,"valueName":"search_term_string"}}],"inLanguage":"fr-FR"},{"@type":"Organization","@id":"https:\/\/potestlaunch.irpp.org\/fr\/#organization","name":"Policy Options","url":"https:\/\/potestlaunch.irpp.org\/fr\/","logo":{"@type":"ImageObject","inLanguage":"fr-FR","@id":"https:\/\/potestlaunch.irpp.org\/fr\/#\/schema\/logo\/image\/","url":"https:\/\/potestlaunch.irpp.org\/wp-content\/uploads\/2024\/11\/PolicyOptions_Logo.png","contentUrl":"https:\/\/potestlaunch.irpp.org\/wp-content\/uploads\/2024\/11\/PolicyOptions_Logo.png","width":1200,"height":365,"caption":"Policy Options"},"image":{"@id":"https:\/\/potestlaunch.irpp.org\/fr\/#\/schema\/logo\/image\/"},"sameAs":["https:\/\/www.facebook.com\/IRPP.org","https:\/\/x.com\/irpp"]}]}},"_links":{"self":[{"href":"https:\/\/potestlaunch.irpp.org\/fr\/wp-json\/wp\/v2\/pages\/17941","targetHints":{"allow":["GET"]}}],"collection":[{"href":"https:\/\/potestlaunch.irpp.org\/fr\/wp-json\/wp\/v2\/pages"}],"about":[{"href":"https:\/\/potestlaunch.irpp.org\/fr\/wp-json\/wp\/v2\/types\/page"}],"author":[{"embeddable":true,"href":"https:\/\/potestlaunch.irpp.org\/fr\/wp-json\/wp\/v2\/users\/1"}],"replies":[{"embeddable":true,"href":"https:\/\/potestlaunch.irpp.org\/fr\/wp-json\/wp\/v2\/comments?post=17941"}],"version-history":[{"count":0,"href":"https:\/\/potestlaunch.irpp.org\/fr\/wp-json\/wp\/v2\/pages\/17941\/revisions"}],"up":[{"embeddable":true,"href":"https:\/\/potestlaunch.irpp.org\/fr\/wp-json\/wp\/v2\/pages\/17967"}],"wp:attachment":[{"href":"https:\/\/potestlaunch.irpp.org\/fr\/wp-json\/wp\/v2\/media?parent=17941"}],"curies":[{"name":"wp","href":"https:\/\/api.w.org\/{rel}","templated":true}]}}