{"id":17944,"date":"2014-05-12T11:25:08","date_gmt":"2014-05-12T15:25:08","guid":{"rendered":"http:\/\/policyoptions.atomicmotion.com\/policyblog\/fr\/article-submission\/"},"modified":"2025-02-19T21:36:30","modified_gmt":"2025-02-20T02:36:30","slug":"soumission-darticles-a-options-politiques","status":"publish","type":"page","link":"https:\/\/potestlaunch.irpp.org\/fr\/a-propos\/soumission-darticles-a-options-politiques\/","title":{"rendered":"Soumission d\u2019articles"},"content":{"rendered":"\n<p><em>Options politiques<\/em>&nbsp;est une tribune en ligne visant \u00e0 favoriser un d\u00e9bat \u00e9clair\u00e9 sur nos politiques publiques, englobant aussi bien l\u2019intelligence artificielle que le commerce international, les soins de sant\u00e9 que les questions autochtones. Et comme les politiques gouvernementales sont indissociables de la vie politique, nous nous int\u00e9ressons aussi aux grands enjeux auxquels font face le Canada et le reste du monde. Il est important pour nous de faire valoir une diversit\u00e9 de points de vue.<\/p>\n\n\n\n<p>Nos collaborateurs sont des universitaires, des chercheurs ind\u00e9pendants, des l\u00e9gislateurs, des intervenants d\u2019organisations non gouvernementales et sans but lucratif, des repr\u00e9sentants du secteur priv\u00e9 et des journalistes. Nous acceptons des soumissions de doctorants, mais aussi d&rsquo;\u00e9tudiants \u00e0 la ma\u00eetrise et au baccalaur\u00e9at s&rsquo;ils co\u00e9crivent avec un professeur ou poss\u00e8dent une exp\u00e9rience de travail dans le domaine dont ils traitent.<\/p>\n\n\n\n<p>Nous privil\u00e9gions les articles fond\u00e9s sur une analyse critique des politiques, mesures, r\u00e9glementations, lois et strat\u00e9gies des gouvernements, surtout s\u2019ils contiennent des propositions pour am\u00e9liorer les politiques publiques.<\/p>\n\n\n\n<p>Les coauteurs doivent \u00eatre limit\u00e9s \u00e0 trois. Si d&rsquo;autres personnes ont collabor\u00e9 \u00e0 l&rsquo;article, elles peuvent \u00eatre nomm\u00e9es \u00e0 la fin du texte.<\/p>\n\n\n\n<p>G\u00e9n\u00e9ralement, nos articles sont r\u00e9dig\u00e9s \u00e0 la mani\u00e8re d\u2019un texte d\u2019opinion ; il faut qu\u2019ils reposent sur des pr\u00e9misses claires et les arguments doivent \u00eatre fond\u00e9s sur la recherche ou l\u2019exp\u00e9rience professionnelle.<\/p>\n\n\n\n<p>Nous acceptons volontiers les textes sur d\u2019autres pays, mais nous aimons que leur traitement fasse le lien avec la conjoncture canadienne.<\/p>\n\n\n\n<p>Nous ne craignons pas non plus les textes qui \u00ab&nbsp;d\u00e9cortiquent&nbsp;\u00bb un enjeu dans ses moindres d\u00e9tails, mais nous souhaitons nous adresser \u00e0 un vaste auditoire, y compris \u00e0 des lecteurs moins inform\u00e9s des questions abord\u00e9es. Mieux vaut donc vous exprimer dans une langue simple et concise, en \u00e9vitant tout jargon sp\u00e9cialis\u00e9.<\/p>\n\n\n\n<p>Pour faciliter la lecture, nous n&rsquo;incluons pas les notes de bas de page et les r\u00e9f\u00e9rences bibliographiques. Par contre, il est possible (et fortement encourag\u00e9!) d&rsquo;ajouter directement dans le corps du texte toute source d&rsquo;information externe, via un hyperlien. Si la source ne se trouve pas en ligne, l\u2019information pertinente peut \u00eatre ajout\u00e9e entre parenth\u00e8ses.<\/p>\n\n\n\n<p>Les tableaux et figures sont bienvenus, \u00e0 condition d\u2019en pr\u00e9ciser les sources. Si vous avez des photos qui peuvent illustrer votre propos, laissez-nous le savoir.<\/p>\n\n\n\n<p>Nos articles comptent de&nbsp;<strong>750&nbsp;\u00e0 1&nbsp;200 mots<\/strong>, parfois davantage s\u2019ils traitent de questions particuli\u00e8rement complexes ou de nouvelles recherches.<\/p>\n\n\n\n<p>Pour soumettre un article, veuillez l\u2019envoyer en format Word \u00e0 <a href=\"mailto:optionspolitiques@irpp.org\">optionspolitiques@irpp.org<\/a>. Si nous acceptons de le publier, nous vous demanderons une photo de vous en haute d\u00e9finition et une courte notice biographique (30 mots) pour notre site Web.<\/p>\n\n\n\n<p><strong>R\u00e9mun\u00e9ration des collaborateurs<\/strong><\/p>\n\n\n\n<p>Le magazine <em>Options politiques<\/em> est une plateforme en libre acc\u00e8s et sans vis\u00e9es commerciales. Les articles publi\u00e9s par le magazine sont r\u00e9dig\u00e9s \u00e0 titre b\u00e9n\u00e9vole. En \u00e9change des analyses que nos collaborateurs proposent, nous leur offrons d\u2019excellents services r\u00e9dactionnels et faisons leur promotion sur les r\u00e9seaux sociaux. Nous mettons tout en \u0153uvre pour assurer la qualit\u00e9 et le rayonnement de leurs textes. Il peut nous arriver de solliciter et de r\u00e9mun\u00e9rer des articles de journalistes pigistes ou d\u2019auteurs professionnels.<\/p>\n","protected":false},"excerpt":{"rendered":"<p>Options politiques&nbsp;est une tribune en ligne visant \u00e0 favoriser un d\u00e9bat \u00e9clair\u00e9 sur nos politiques publiques, englobant aussi bien l\u2019intelligence artificielle que le commerce international, les soins de sant\u00e9 que les questions autochtones. Et comme les politiques gouvernementales sont indissociables de la vie politique, nous nous int\u00e9ressons aussi aux grands enjeux auxquels font face le [&hellip;]<\/p>\n","protected":false},"author":1,"featured_media":0,"parent":17967,"menu_order":0,"comment_status":"open","ping_status":"closed","template":"","meta":{"_acf_changed":false,"content-type":"","ep_exclude_from_search":false,"footnotes":""},"class_list":["post-17944","page","type-page","status-publish","hentry"],"acf":[],"yoast_head":"<!-- This site is optimized with the Yoast SEO plugin v25.2 - https:\/\/yoast.com\/wordpress\/plugins\/seo\/ -->\n<title>Soumission d\u2019articles \u00e0 Options politiques<\/title>\n<meta name=\"description\" content=\"Options politiques est une tribune en ligne visant \u00e0 favoriser un d\u00e9bat \u00e9clair\u00e9 sur nos politiques publiques.\" \/>\n<meta name=\"robots\" content=\"index, follow, max-snippet:-1, max-image-preview:large, max-video-preview:-1\" \/>\n<link rel=\"canonical\" href=\"https:\/\/potestlaunch.irpp.org\/fr\/a-propos\/soumission-darticles-a-options-politiques\/\" \/>\n<meta property=\"og:locale\" content=\"fr_FR\" \/>\n<meta property=\"og:type\" content=\"article\" \/>\n<meta property=\"og:title\" content=\"Soumission d\u2019articles \u00e0 Options politiques\" \/>\n<meta property=\"og:description\" content=\"Options politiques est une tribune en ligne visant \u00e0 favoriser un d\u00e9bat \u00e9clair\u00e9 sur nos politiques publiques.\" \/>\n<meta property=\"og:url\" content=\"https:\/\/potestlaunch.irpp.org\/fr\/a-propos\/soumission-darticles-a-options-politiques\/\" \/>\n<meta property=\"og:site_name\" content=\"Policy Options\" \/>\n<meta property=\"article:publisher\" content=\"https:\/\/www.facebook.com\/IRPP.org\" \/>\n<meta property=\"article:modified_time\" content=\"2025-02-20T02:36:30+00:00\" \/>\n<meta property=\"og:image\" content=\"https:\/\/potestlaunch.irpp.org\/wp-content\/uploads\/2019\/04\/policy-options-og-image.jpg\" \/>\n\t<meta property=\"og:image:width\" content=\"1200\" \/>\n\t<meta property=\"og:image:height\" content=\"630\" \/>\n\t<meta property=\"og:image:type\" content=\"image\/jpeg\" \/>\n<meta name=\"twitter:card\" content=\"summary_large_image\" \/>\n<meta name=\"twitter:site\" content=\"@irpp\" \/>\n<meta name=\"twitter:label1\" content=\"Est. reading time\" \/>\n\t<meta name=\"twitter:data1\" content=\"3 minutes\" \/>\n<script type=\"application\/ld+json\" class=\"yoast-schema-graph\">{\"@context\":\"https:\/\/schema.org\",\"@graph\":[{\"@type\":\"WebPage\",\"@id\":\"https:\/\/potestlaunch.irpp.org\/fr\/a-propos\/soumission-darticles-a-options-politiques\/\",\"url\":\"https:\/\/potestlaunch.irpp.org\/fr\/a-propos\/soumission-darticles-a-options-politiques\/\",\"name\":\"Soumission d\u2019articles \u00e0 Options politiques\",\"isPartOf\":{\"@id\":\"https:\/\/potestlaunch.irpp.org\/fr\/#website\"},\"datePublished\":\"2014-05-12T15:25:08+00:00\",\"dateModified\":\"2025-02-20T02:36:30+00:00\",\"description\":\"Options politiques est une tribune en ligne visant \u00e0 favoriser un d\u00e9bat \u00e9clair\u00e9 sur nos politiques publiques.\",\"breadcrumb\":{\"@id\":\"https:\/\/potestlaunch.irpp.org\/fr\/a-propos\/soumission-darticles-a-options-politiques\/#breadcrumb\"},\"inLanguage\":\"fr-FR\",\"potentialAction\":[{\"@type\":\"ReadAction\",\"target\":[\"https:\/\/potestlaunch.irpp.org\/fr\/a-propos\/soumission-darticles-a-options-politiques\/\"]}]},{\"@type\":\"BreadcrumbList\",\"@id\":\"https:\/\/potestlaunch.irpp.org\/fr\/a-propos\/soumission-darticles-a-options-politiques\/#breadcrumb\",\"itemListElement\":[{\"@type\":\"ListItem\",\"position\":1,\"name\":\"Home\",\"item\":\"https:\/\/potestlaunch.irpp.org\/fr\/\"},{\"@type\":\"ListItem\",\"position\":2,\"name\":\"\u00c0 propos\",\"item\":\"https:\/\/potestlaunch.irpp.org\/fr\/a-propos\/\"},{\"@type\":\"ListItem\",\"position\":3,\"name\":\"Soumission d\u2019articles\"}]},{\"@type\":\"WebSite\",\"@id\":\"https:\/\/potestlaunch.irpp.org\/fr\/#website\",\"url\":\"https:\/\/potestlaunch.irpp.org\/fr\/\",\"name\":\"Policy Options\",\"description\":\"Institute for Research on Public Policy\",\"publisher\":{\"@id\":\"https:\/\/potestlaunch.irpp.org\/fr\/#organization\"},\"potentialAction\":[{\"@type\":\"SearchAction\",\"target\":{\"@type\":\"EntryPoint\",\"urlTemplate\":\"https:\/\/potestlaunch.irpp.org\/fr\/?s={search_term_string}\"},\"query-input\":{\"@type\":\"PropertyValueSpecification\",\"valueRequired\":true,\"valueName\":\"search_term_string\"}}],\"inLanguage\":\"fr-FR\"},{\"@type\":\"Organization\",\"@id\":\"https:\/\/potestlaunch.irpp.org\/fr\/#organization\",\"name\":\"Policy Options\",\"url\":\"https:\/\/potestlaunch.irpp.org\/fr\/\",\"logo\":{\"@type\":\"ImageObject\",\"inLanguage\":\"fr-FR\",\"@id\":\"https:\/\/potestlaunch.irpp.org\/fr\/#\/schema\/logo\/image\/\",\"url\":\"https:\/\/potestlaunch.irpp.org\/wp-content\/uploads\/2024\/11\/PolicyOptions_Logo.png\",\"contentUrl\":\"https:\/\/potestlaunch.irpp.org\/wp-content\/uploads\/2024\/11\/PolicyOptions_Logo.png\",\"width\":1200,\"height\":365,\"caption\":\"Policy Options\"},\"image\":{\"@id\":\"https:\/\/potestlaunch.irpp.org\/fr\/#\/schema\/logo\/image\/\"},\"sameAs\":[\"https:\/\/www.facebook.com\/IRPP.org\",\"https:\/\/x.com\/irpp\"]}]}<\/script>\n<!-- \/ Yoast SEO plugin. -->","yoast_head_json":{"title":"Soumission d\u2019articles \u00e0 Options politiques","description":"Options politiques est une tribune en ligne visant \u00e0 favoriser un d\u00e9bat \u00e9clair\u00e9 sur nos politiques publiques.","robots":{"index":"index","follow":"follow","max-snippet":"max-snippet:-1","max-image-preview":"max-image-preview:large","max-video-preview":"max-video-preview:-1"},"canonical":"https:\/\/potestlaunch.irpp.org\/fr\/a-propos\/soumission-darticles-a-options-politiques\/","og_locale":"fr_FR","og_type":"article","og_title":"Soumission d\u2019articles \u00e0 Options politiques","og_description":"Options politiques est une tribune en ligne visant \u00e0 favoriser un d\u00e9bat \u00e9clair\u00e9 sur nos politiques publiques.","og_url":"https:\/\/potestlaunch.irpp.org\/fr\/a-propos\/soumission-darticles-a-options-politiques\/","og_site_name":"Policy Options","article_publisher":"https:\/\/www.facebook.com\/IRPP.org","article_modified_time":"2025-02-20T02:36:30+00:00","og_image":[{"width":1200,"height":630,"url":"https:\/\/potestlaunch.irpp.org\/wp-content\/uploads\/2019\/04\/policy-options-og-image.jpg","type":"image\/jpeg"}],"twitter_card":"summary_large_image","twitter_site":"@irpp","twitter_misc":{"Est. reading time":"3 minutes"},"schema":{"@context":"https:\/\/schema.org","@graph":[{"@type":"WebPage","@id":"https:\/\/potestlaunch.irpp.org\/fr\/a-propos\/soumission-darticles-a-options-politiques\/","url":"https:\/\/potestlaunch.irpp.org\/fr\/a-propos\/soumission-darticles-a-options-politiques\/","name":"Soumission d\u2019articles \u00e0 Options politiques","isPartOf":{"@id":"https:\/\/potestlaunch.irpp.org\/fr\/#website"},"datePublished":"2014-05-12T15:25:08+00:00","dateModified":"2025-02-20T02:36:30+00:00","description":"Options politiques est une tribune en ligne visant \u00e0 favoriser un d\u00e9bat \u00e9clair\u00e9 sur nos politiques publiques.","breadcrumb":{"@id":"https:\/\/potestlaunch.irpp.org\/fr\/a-propos\/soumission-darticles-a-options-politiques\/#breadcrumb"},"inLanguage":"fr-FR","potentialAction":[{"@type":"ReadAction","target":["https:\/\/potestlaunch.irpp.org\/fr\/a-propos\/soumission-darticles-a-options-politiques\/"]}]},{"@type":"BreadcrumbList","@id":"https:\/\/potestlaunch.irpp.org\/fr\/a-propos\/soumission-darticles-a-options-politiques\/#breadcrumb","itemListElement":[{"@type":"ListItem","position":1,"name":"Home","item":"https:\/\/potestlaunch.irpp.org\/fr\/"},{"@type":"ListItem","position":2,"name":"\u00c0 propos","item":"https:\/\/potestlaunch.irpp.org\/fr\/a-propos\/"},{"@type":"ListItem","position":3,"name":"Soumission d\u2019articles"}]},{"@type":"WebSite","@id":"https:\/\/potestlaunch.irpp.org\/fr\/#website","url":"https:\/\/potestlaunch.irpp.org\/fr\/","name":"Policy Options","description":"Institute for Research on Public Policy","publisher":{"@id":"https:\/\/potestlaunch.irpp.org\/fr\/#organization"},"potentialAction":[{"@type":"SearchAction","target":{"@type":"EntryPoint","urlTemplate":"https:\/\/potestlaunch.irpp.org\/fr\/?s={search_term_string}"},"query-input":{"@type":"PropertyValueSpecification","valueRequired":true,"valueName":"search_term_string"}}],"inLanguage":"fr-FR"},{"@type":"Organization","@id":"https:\/\/potestlaunch.irpp.org\/fr\/#organization","name":"Policy Options","url":"https:\/\/potestlaunch.irpp.org\/fr\/","logo":{"@type":"ImageObject","inLanguage":"fr-FR","@id":"https:\/\/potestlaunch.irpp.org\/fr\/#\/schema\/logo\/image\/","url":"https:\/\/potestlaunch.irpp.org\/wp-content\/uploads\/2024\/11\/PolicyOptions_Logo.png","contentUrl":"https:\/\/potestlaunch.irpp.org\/wp-content\/uploads\/2024\/11\/PolicyOptions_Logo.png","width":1200,"height":365,"caption":"Policy Options"},"image":{"@id":"https:\/\/potestlaunch.irpp.org\/fr\/#\/schema\/logo\/image\/"},"sameAs":["https:\/\/www.facebook.com\/IRPP.org","https:\/\/x.com\/irpp"]}]}},"_links":{"self":[{"href":"https:\/\/potestlaunch.irpp.org\/fr\/wp-json\/wp\/v2\/pages\/17944","targetHints":{"allow":["GET"]}}],"collection":[{"href":"https:\/\/potestlaunch.irpp.org\/fr\/wp-json\/wp\/v2\/pages"}],"about":[{"href":"https:\/\/potestlaunch.irpp.org\/fr\/wp-json\/wp\/v2\/types\/page"}],"author":[{"embeddable":true,"href":"https:\/\/potestlaunch.irpp.org\/fr\/wp-json\/wp\/v2\/users\/1"}],"replies":[{"embeddable":true,"href":"https:\/\/potestlaunch.irpp.org\/fr\/wp-json\/wp\/v2\/comments?post=17944"}],"version-history":[{"count":0,"href":"https:\/\/potestlaunch.irpp.org\/fr\/wp-json\/wp\/v2\/pages\/17944\/revisions"}],"up":[{"embeddable":true,"href":"https:\/\/potestlaunch.irpp.org\/fr\/wp-json\/wp\/v2\/pages\/17967"}],"wp:attachment":[{"href":"https:\/\/potestlaunch.irpp.org\/fr\/wp-json\/wp\/v2\/media?parent=17944"}],"curies":[{"name":"wp","href":"https:\/\/api.w.org\/{rel}","templated":true}]}}