{"id":18926,"date":"2015-09-03T18:38:43","date_gmt":"2015-09-03T22:38:43","guid":{"rendered":"http:\/\/policyoptions.atomicmotion.com\/policyblog\/fr\/?page_id=18926"},"modified":"2025-03-24T14:56:29","modified_gmt":"2025-03-24T18:56:29","slug":"modalites-et-conditions","status":"publish","type":"page","link":"https:\/\/potestlaunch.irpp.org\/fr\/modalites-et-conditions\/","title":{"rendered":"Modalit\u00e9s et conditions"},"content":{"rendered":"\t\t<div data-elementor-type=\"wp-page\" data-elementor-id=\"18926\" class=\"elementor elementor-18926 elementor-18924\" data-elementor-post-type=\"page\">\n\t\t\t\t<div class=\"elementor-element elementor-element-b972ba0 e-flex e-con-boxed e-con e-parent\" data-id=\"b972ba0\" data-element_type=\"container\">\n\t\t\t\t\t<div class=\"e-con-inner\">\n\t\t\t\t<div class=\"elementor-element elementor-element-98abd07 elementor-widget elementor-widget-text-editor\" data-id=\"98abd07\" data-element_type=\"widget\" data-widget_type=\"text-editor.default\">\n\t\t\t\t<div class=\"elementor-widget-container\">\n\t\t\t\t\t\t\t\t\t<h1><strong>Utilisation d\u2019un service<\/strong><\/h1><p>Au-del\u00e0de notre Politique de confidentialit\u00e9, ces modalit\u00e9s s\u2019appliquent \u00e0l\u2019usage que vous faites de tout produit ou service offert par Options politiques. Si vous continuez d\u2019utiliser un service, vous \u00eates r\u00e9put\u00e9 avoir consenti aux Conditions de service.<\/p><h2><strong>Contenu<\/strong><\/h2><p>Tout contenu est prot\u00e9g\u00e9 par les lois et trait\u00e9s canadiens et internationaux en mati\u00e8re de propri\u00e9t\u00e9 intellectuelle, y compris les lois sur le droit d\u2019auteur et les marques de commerce, il est la propri\u00e9t\u00e9 d\u2019Options politiques et est conc\u00e9d\u00e9 sous licence \u00e0Options politiques. L\u2019utilisation de tout contenu ou de toute marque de commerce sans l\u2019autorisation \u00e9crite expresse du propri\u00e9taire est strictement interdite. Les avis de droit d\u2019auteur et autres droits de propri\u00e9t\u00e9 doivent \u00eatre respect\u00e9s.<br \/>Contenu g\u00e9n\u00e9r\u00e9 par les utilisateurs<\/p><p>Les utilisateurs peuvent proposer \u00e0Options politiques des articles, commentaires, photos, vid\u00e9os et autres contributions. Ce contenu g\u00e9n\u00e9r\u00e9 par les utilisateurs doit respecter les principes d\u00e9finis dans les sections Proposer un article et Soumettre un commentaire. Options politiques se r\u00e9serve le droit de retirer de son site ou de refuser \u00e0sa seule discr\u00e9tion tout contenu g\u00e9n\u00e9r\u00e9 par un utilisateur qu\u2019il juge inacceptable, ind\u00e9sirable ou contraire \u00e0ces Modalit\u00e9s et conditions.<br \/>En vertu de la pr\u00e9sente, les collaborateurs et auteurs accordent \u00e0Options politiques le droit perp\u00e9tuel, irr\u00e9vocable, illimit\u00e9, mondial, libre de redevance et non exclusif (mais non l\u2019obligation) de publier, afficher, traduire, r\u00e9sumer, adapter, utiliser, sauvegarder, archiver, stocker, produire ou reproduire tout contenu g\u00e9n\u00e9r\u00e9 par un utilisateur, sous toute forme mat\u00e9rielle, en tout ou en partie, sur tout service ou toute plateforme, aujourd\u2019hui et \u00e0l\u2019avenir.<br \/>Les collaborateurs et auteurs accordent aussi \u00e0Options politiques le droit perp\u00e9tuel et irr\u00e9vocable d\u2019utiliser les noms d\u2019utilisateur, personas, images, photographies ou autres fournis en lien avec toute proposition de contenu g\u00e9n\u00e9r\u00e9 par un utilisateur, sans aucune obligation ni r\u00e9mun\u00e9ration.<\/p><h2><strong>Avis de non-responsabilit\u00e9<\/strong><\/h2><h3><em>Contenu et information<\/em><\/h3><p>Tout contenu (y compris les faits, points de vue, opinions et recommandations) est uniquement transmis aux fins d\u2019information g\u00e9n\u00e9rale, d\u2019\u00e9ducation et de loisir. Ce contenu n\u2019exprime pas n\u00e9cessairement l\u2019avis d\u2019Options politiques, de son \u00e9diteur, de ses collaborateurs, de son personnel ou de ses annonceurs.<\/p><h3><em>Contenu de tierces parties, contenu g\u00e9n\u00e9r\u00e9 par les utilisateurs, liens vers des sites Web, publicit\u00e9s<\/em><\/h3><p>Les services et contenus peuvent inclure du contenu de tierces parties comme des liens, des contenus sous licence, des contenus g\u00e9n\u00e9r\u00e9s par des utilisateurs ou des annonces publicitaires. L\u2019utilisation que vous faites de ces contenus ou la confiance que vous leur accordez sont enti\u00e8rement \u00e0vos risques. Ces contenus de tierces parties vous sont uniquement transmis aux fins d\u2019information g\u00e9n\u00e9rale. Options politiques n\u2019endosse aucun contenu de tierces parties.<\/p>\t\t\t\t\t\t\t\t<\/div>\n\t\t\t\t<\/div>\n\t\t\t\t\t<\/div>\n\t\t\t\t<\/div>\n\t\t\t\t<\/div>\n\t\t","protected":false},"excerpt":{"rendered":"<p>Utilisation d\u2019un service Au-del\u00e0de notre Politique de confidentialit\u00e9, ces modalit\u00e9s s\u2019appliquent \u00e0l\u2019usage que vous faites de tout produit ou service offert par Options politiques. Si vous continuez d\u2019utiliser un service, vous \u00eates r\u00e9put\u00e9 avoir consenti aux Conditions de service. Contenu Tout contenu est prot\u00e9g\u00e9 par les lois et trait\u00e9s canadiens et internationaux en mati\u00e8re de [&hellip;]<\/p>\n","protected":false},"author":1,"featured_media":0,"parent":0,"menu_order":0,"comment_status":"closed","ping_status":"closed","template":"","meta":{"_acf_changed":false,"content-type":"","ep_exclude_from_search":false,"footnotes":""},"class_list":["post-18926","page","type-page","status-publish","hentry"],"acf":[],"yoast_head":"<!-- This site is optimized with the Yoast SEO plugin v25.2 - https:\/\/yoast.com\/wordpress\/plugins\/seo\/ -->\n<title>Modalit\u00e9s et conditions - Policy Options<\/title>\n<meta name=\"robots\" content=\"index, follow, max-snippet:-1, max-image-preview:large, max-video-preview:-1\" \/>\n<link rel=\"canonical\" href=\"https:\/\/potestlaunch.irpp.org\/fr\/modalites-et-conditions\/\" \/>\n<meta property=\"og:locale\" content=\"fr_FR\" \/>\n<meta property=\"og:type\" content=\"article\" \/>\n<meta property=\"og:title\" content=\"Modalit\u00e9s et conditions - Policy Options\" \/>\n<meta property=\"og:description\" content=\"Utilisation d\u2019un service Au-del\u00e0de notre Politique de confidentialit\u00e9, ces modalit\u00e9s s\u2019appliquent \u00e0l\u2019usage que vous faites de tout produit ou service offert par Options politiques. Si vous continuez d\u2019utiliser un service, vous \u00eates r\u00e9put\u00e9 avoir consenti aux Conditions de service. Contenu Tout contenu est prot\u00e9g\u00e9 par les lois et trait\u00e9s canadiens et internationaux en mati\u00e8re de [&hellip;]\" \/>\n<meta property=\"og:url\" content=\"https:\/\/potestlaunch.irpp.org\/fr\/modalites-et-conditions\/\" \/>\n<meta property=\"og:site_name\" content=\"Policy Options\" \/>\n<meta property=\"article:publisher\" content=\"https:\/\/www.facebook.com\/IRPP.org\" \/>\n<meta property=\"article:modified_time\" content=\"2025-03-24T18:56:29+00:00\" \/>\n<meta property=\"og:image\" content=\"https:\/\/potestlaunch.irpp.org\/wp-content\/uploads\/2019\/04\/policy-options-og-image.jpg\" \/>\n\t<meta property=\"og:image:width\" content=\"1200\" \/>\n\t<meta property=\"og:image:height\" content=\"630\" \/>\n\t<meta property=\"og:image:type\" content=\"image\/jpeg\" \/>\n<meta name=\"twitter:card\" content=\"summary_large_image\" \/>\n<meta name=\"twitter:site\" content=\"@irpp\" \/>\n<meta name=\"twitter:label1\" content=\"Est. reading time\" \/>\n\t<meta name=\"twitter:data1\" content=\"2 minutes\" \/>\n<script type=\"application\/ld+json\" class=\"yoast-schema-graph\">{\"@context\":\"https:\/\/schema.org\",\"@graph\":[{\"@type\":\"WebPage\",\"@id\":\"https:\/\/potestlaunch.irpp.org\/fr\/modalites-et-conditions\/\",\"url\":\"https:\/\/potestlaunch.irpp.org\/fr\/modalites-et-conditions\/\",\"name\":\"Modalit\u00e9s et conditions - Policy Options\",\"isPartOf\":{\"@id\":\"https:\/\/potestlaunch.irpp.org\/fr\/#website\"},\"datePublished\":\"2015-09-03T22:38:43+00:00\",\"dateModified\":\"2025-03-24T18:56:29+00:00\",\"breadcrumb\":{\"@id\":\"https:\/\/potestlaunch.irpp.org\/fr\/modalites-et-conditions\/#breadcrumb\"},\"inLanguage\":\"fr-FR\",\"potentialAction\":[{\"@type\":\"ReadAction\",\"target\":[\"https:\/\/potestlaunch.irpp.org\/fr\/modalites-et-conditions\/\"]}]},{\"@type\":\"BreadcrumbList\",\"@id\":\"https:\/\/potestlaunch.irpp.org\/fr\/modalites-et-conditions\/#breadcrumb\",\"itemListElement\":[{\"@type\":\"ListItem\",\"position\":1,\"name\":\"Home\",\"item\":\"https:\/\/potestlaunch.irpp.org\/fr\/\"},{\"@type\":\"ListItem\",\"position\":2,\"name\":\"Modalit\u00e9s et conditions\"}]},{\"@type\":\"WebSite\",\"@id\":\"https:\/\/potestlaunch.irpp.org\/fr\/#website\",\"url\":\"https:\/\/potestlaunch.irpp.org\/fr\/\",\"name\":\"Policy Options\",\"description\":\"Institute for Research on Public Policy\",\"publisher\":{\"@id\":\"https:\/\/potestlaunch.irpp.org\/fr\/#organization\"},\"potentialAction\":[{\"@type\":\"SearchAction\",\"target\":{\"@type\":\"EntryPoint\",\"urlTemplate\":\"https:\/\/potestlaunch.irpp.org\/fr\/?s={search_term_string}\"},\"query-input\":{\"@type\":\"PropertyValueSpecification\",\"valueRequired\":true,\"valueName\":\"search_term_string\"}}],\"inLanguage\":\"fr-FR\"},{\"@type\":\"Organization\",\"@id\":\"https:\/\/potestlaunch.irpp.org\/fr\/#organization\",\"name\":\"Policy Options\",\"url\":\"https:\/\/potestlaunch.irpp.org\/fr\/\",\"logo\":{\"@type\":\"ImageObject\",\"inLanguage\":\"fr-FR\",\"@id\":\"https:\/\/potestlaunch.irpp.org\/fr\/#\/schema\/logo\/image\/\",\"url\":\"https:\/\/potestlaunch.irpp.org\/wp-content\/uploads\/2024\/11\/PolicyOptions_Logo.png\",\"contentUrl\":\"https:\/\/potestlaunch.irpp.org\/wp-content\/uploads\/2024\/11\/PolicyOptions_Logo.png\",\"width\":1200,\"height\":365,\"caption\":\"Policy Options\"},\"image\":{\"@id\":\"https:\/\/potestlaunch.irpp.org\/fr\/#\/schema\/logo\/image\/\"},\"sameAs\":[\"https:\/\/www.facebook.com\/IRPP.org\",\"https:\/\/x.com\/irpp\"]}]}<\/script>\n<!-- \/ Yoast SEO plugin. -->","yoast_head_json":{"title":"Modalit\u00e9s et conditions - Policy Options","robots":{"index":"index","follow":"follow","max-snippet":"max-snippet:-1","max-image-preview":"max-image-preview:large","max-video-preview":"max-video-preview:-1"},"canonical":"https:\/\/potestlaunch.irpp.org\/fr\/modalites-et-conditions\/","og_locale":"fr_FR","og_type":"article","og_title":"Modalit\u00e9s et conditions - Policy Options","og_description":"Utilisation d\u2019un service Au-del\u00e0de notre Politique de confidentialit\u00e9, ces modalit\u00e9s s\u2019appliquent \u00e0l\u2019usage que vous faites de tout produit ou service offert par Options politiques. Si vous continuez d\u2019utiliser un service, vous \u00eates r\u00e9put\u00e9 avoir consenti aux Conditions de service. Contenu Tout contenu est prot\u00e9g\u00e9 par les lois et trait\u00e9s canadiens et internationaux en mati\u00e8re de [&hellip;]","og_url":"https:\/\/potestlaunch.irpp.org\/fr\/modalites-et-conditions\/","og_site_name":"Policy Options","article_publisher":"https:\/\/www.facebook.com\/IRPP.org","article_modified_time":"2025-03-24T18:56:29+00:00","og_image":[{"width":1200,"height":630,"url":"https:\/\/potestlaunch.irpp.org\/wp-content\/uploads\/2019\/04\/policy-options-og-image.jpg","type":"image\/jpeg"}],"twitter_card":"summary_large_image","twitter_site":"@irpp","twitter_misc":{"Est. reading time":"2 minutes"},"schema":{"@context":"https:\/\/schema.org","@graph":[{"@type":"WebPage","@id":"https:\/\/potestlaunch.irpp.org\/fr\/modalites-et-conditions\/","url":"https:\/\/potestlaunch.irpp.org\/fr\/modalites-et-conditions\/","name":"Modalit\u00e9s et conditions - Policy Options","isPartOf":{"@id":"https:\/\/potestlaunch.irpp.org\/fr\/#website"},"datePublished":"2015-09-03T22:38:43+00:00","dateModified":"2025-03-24T18:56:29+00:00","breadcrumb":{"@id":"https:\/\/potestlaunch.irpp.org\/fr\/modalites-et-conditions\/#breadcrumb"},"inLanguage":"fr-FR","potentialAction":[{"@type":"ReadAction","target":["https:\/\/potestlaunch.irpp.org\/fr\/modalites-et-conditions\/"]}]},{"@type":"BreadcrumbList","@id":"https:\/\/potestlaunch.irpp.org\/fr\/modalites-et-conditions\/#breadcrumb","itemListElement":[{"@type":"ListItem","position":1,"name":"Home","item":"https:\/\/potestlaunch.irpp.org\/fr\/"},{"@type":"ListItem","position":2,"name":"Modalit\u00e9s et conditions"}]},{"@type":"WebSite","@id":"https:\/\/potestlaunch.irpp.org\/fr\/#website","url":"https:\/\/potestlaunch.irpp.org\/fr\/","name":"Policy Options","description":"Institute for Research on Public Policy","publisher":{"@id":"https:\/\/potestlaunch.irpp.org\/fr\/#organization"},"potentialAction":[{"@type":"SearchAction","target":{"@type":"EntryPoint","urlTemplate":"https:\/\/potestlaunch.irpp.org\/fr\/?s={search_term_string}"},"query-input":{"@type":"PropertyValueSpecification","valueRequired":true,"valueName":"search_term_string"}}],"inLanguage":"fr-FR"},{"@type":"Organization","@id":"https:\/\/potestlaunch.irpp.org\/fr\/#organization","name":"Policy Options","url":"https:\/\/potestlaunch.irpp.org\/fr\/","logo":{"@type":"ImageObject","inLanguage":"fr-FR","@id":"https:\/\/potestlaunch.irpp.org\/fr\/#\/schema\/logo\/image\/","url":"https:\/\/potestlaunch.irpp.org\/wp-content\/uploads\/2024\/11\/PolicyOptions_Logo.png","contentUrl":"https:\/\/potestlaunch.irpp.org\/wp-content\/uploads\/2024\/11\/PolicyOptions_Logo.png","width":1200,"height":365,"caption":"Policy Options"},"image":{"@id":"https:\/\/potestlaunch.irpp.org\/fr\/#\/schema\/logo\/image\/"},"sameAs":["https:\/\/www.facebook.com\/IRPP.org","https:\/\/x.com\/irpp"]}]}},"_links":{"self":[{"href":"https:\/\/potestlaunch.irpp.org\/fr\/wp-json\/wp\/v2\/pages\/18926","targetHints":{"allow":["GET"]}}],"collection":[{"href":"https:\/\/potestlaunch.irpp.org\/fr\/wp-json\/wp\/v2\/pages"}],"about":[{"href":"https:\/\/potestlaunch.irpp.org\/fr\/wp-json\/wp\/v2\/types\/page"}],"author":[{"embeddable":true,"href":"https:\/\/potestlaunch.irpp.org\/fr\/wp-json\/wp\/v2\/users\/1"}],"replies":[{"embeddable":true,"href":"https:\/\/potestlaunch.irpp.org\/fr\/wp-json\/wp\/v2\/comments?post=18926"}],"version-history":[{"count":0,"href":"https:\/\/potestlaunch.irpp.org\/fr\/wp-json\/wp\/v2\/pages\/18926\/revisions"}],"wp:attachment":[{"href":"https:\/\/potestlaunch.irpp.org\/fr\/wp-json\/wp\/v2\/media?parent=18926"}],"curies":[{"name":"wp","href":"https:\/\/api.w.org\/{rel}","templated":true}]}}