{"id":93416,"date":"2020-10-14T14:41:19","date_gmt":"2020-10-14T18:41:19","guid":{"rendered":"https:\/\/irpp-policy-options.local\/our-commitment-to-readers\/"},"modified":"2025-02-19T21:35:43","modified_gmt":"2025-02-20T02:35:43","slug":"notre-engagement","status":"publish","type":"page","link":"https:\/\/potestlaunch.irpp.org\/fr\/a-propos\/notre-engagement\/","title":{"rendered":"Notre engagement"},"content":{"rendered":"\n<p><em>Options politiques&nbsp;<\/em>est la revue num\u00e9rique de l&rsquo;<a href=\"https:\/\/irpp.org\/fr\/\">Institut de recherche en politiques publiques<\/a>.<\/p>\n\n\n\n<hr class=\"wp-block-separator has-alpha-channel-opacity\"\/>\n\n\n\n<p>Tous les jours, quelque part au pays, un haut fonctionnaire ou un politicien, un chercheur, un dirigeant d\u2019entreprise ou d\u2019ONG se tourne vers un coll\u00e8gue pour lui poser cette question&nbsp;: quelles sont nos options \u00ab politiques&nbsp;\u00bb ? Tous \u00e9tudient les d\u00e9fis que doivent relever les Canadiens, des d\u00e9fis de longue date ou totalement in\u00e9dits, pour leur trouver des solutions innovantes. Ces options qu\u2019ils d\u00e9finissent deviennent la mati\u00e8re de nos lois et r\u00e9glementations, de notre r\u00e9gime fiscal, de la planification de nos villes, de notre diplomatie ou de nos politiques du travail. Autrement dit, ils font des choix qui nous concernent au premier chef.<\/p>\n\n\n\n<p>Le titre m\u00eame de notre publication num\u00e9rique,&nbsp;<i>Options politiques,<\/i>&nbsp;\u00e9voque la question ci-dessus, mais invite aussi un auditoire beaucoup plus vaste \u00e0 d\u00e9battre ouvertement de ces choix pour contribuer aux discussions qui occupent nos d\u00e9cideurs\u2026 ou qui devraient les occuper. Notre forum fait appel \u00e0 des sp\u00e9cialistes tout autant qu\u2019\u00e0 des collaborateurs soucieux d\u2019am\u00e9liorer la qualit\u00e9 du d\u00e9bat public.<\/p>\n\n\n\n<p>Notre engagement envers nos lecteurs :<\/p>\n\n\n\n<p><b>INCIDENCE POLITIQUE<\/b>&nbsp;\u2015 Nous mettons tout en \u0153uvre pour mobiliser le savoir d\u2019\u00e9minents chercheurs et sp\u00e9cialistes de domaines vari\u00e9s afin d\u2019am\u00e9liorer l\u2019\u00e9laboration des politiques publiques du pays.<\/p>\n\n\n\n<p><b>V\u00c9RACIT\u00c9 DES FAITS<\/b>&nbsp;\u2015 Nous cherchons \u00e0 proposer un contenu original fond\u00e9 sur des faits probants. Et nous indiquons si possible la source primaire des donn\u00e9es et statistiques \u00e0 l\u2019appui.<\/p>\n\n\n\n<p><b>ACCESSIBILIT\u00c9 <\/b>\u2015 Notre objectif prioritaire est de publier des analyses r\u00e9dig\u00e9es dans une langue claire et accessible \u00e0 un vaste auditoire.<\/p>\n\n\n\n<p><b>IND\u00c9PENDANCE \u00c9DITORIALE<\/b>&nbsp;\u2015 Notre magazine <i>Options politiques<\/i> revendique la pleine ind\u00e9pendance \u00e9ditoriale de toutes ses activit\u00e9s&nbsp;: dossiers, balados, infolettres et \u00e9v\u00e9nements. Tous nos partenaires financiers sont inform\u00e9s au pr\u00e9alable de cette politique.<\/p>\n\n\n\n<p><b>NON PARTISAN<\/b>&nbsp;\u2015 Le magazine se veut aussi r\u00e9solument non partisan. S\u2019il publie souvent les analyses d\u2019acteurs de la sph\u00e8re politique, il n\u2019appuie aucun mouvement ni parti.<\/p>\n\n\n\n<p><b>COLLABORATION<\/b>&nbsp;\u2015 Nous appr\u00e9cions la collaboration de toute personne ou organisation qui souhaite enrichir et am\u00e9liorer le d\u00e9bat public.<\/p>\n\n\n\n<p><b>LANGUES OFFICIELLES<\/b> \u2015 Nos auteurs peuvent r\u00e9diger leurs articles en fran\u00e7ais ou en anglais. Nous publierons des traductions des articles dans la mesure du possible.<\/p>\n\n\n\n<p><b>DIVERSIT\u00c9<\/b>\u00a0\u2015 Nous nous engageons \u00e0 collaborer avec des auteurs qui refl\u00e8tent la diversit\u00e9 de la soci\u00e9t\u00e9 canadienne et \u00e0 aborder des sujets qui traitent de la diversit\u00e9.<\/p>\n\n\n\n<p><b>CIVILIT\u00c9<\/b>&nbsp;\u2015 Nous ouvrons nos pages aux d\u00e9bats passionn\u00e9s et \u00e0 une franche critique des politiques publiques, mais exigeons que les avis exprim\u00e9s le soient de fa\u00e7on respectueuse et constructive. Nous ne publions aucune attaque personnelle.<\/p>\n\n\n\n<p><b>TRANSPARENCE ET RESPONSABILIT\u00c9<\/b>&nbsp;\u2015 Nous reconnaissons les erreurs que nous pourrions commettre dans un texte et indiquons toute correction d\u2019importance par un ast\u00e9risque renvoyant \u00e0 une explication d\u00e9taill\u00e9e. Nous attendons de nos collaborateurs qu\u2019ils divulguent les liens financiers, professionnels ou personnels qui les rattachent \u00e0 leur sujet lorsque ces liens peuvent \u00e9chapper au lecteur.<\/p>\n\n\n\n<hr class=\"wp-block-separator has-alpha-channel-opacity\"\/>\n\n\n\n<p><strong>Nous reconnaissons l&rsquo;appui financier du gouvernement du Canada. \u00a0<img decoding=\"async\" width=\"75\" height=\"18\" src=\"https:\/\/potestlaunch.irpp.org\/wp-content\/uploads\/2021\/06\/wordmark_C.png-300x71.png\" alt=\"\"><\/strong><\/p>\n","protected":false},"excerpt":{"rendered":"<p>Options politiques&nbsp;est la revue num\u00e9rique de l&rsquo;Institut de recherche en politiques publiques. Tous les jours, quelque part au pays, un haut fonctionnaire ou un politicien, un chercheur, un dirigeant d\u2019entreprise ou d\u2019ONG se tourne vers un coll\u00e8gue pour lui poser cette question&nbsp;: quelles sont nos options \u00ab politiques&nbsp;\u00bb ? Tous \u00e9tudient les d\u00e9fis que doivent [&hellip;]<\/p>\n","protected":false},"author":865,"featured_media":0,"parent":17967,"menu_order":0,"comment_status":"closed","ping_status":"closed","template":"","meta":{"_acf_changed":false,"content-type":"","ep_exclude_from_search":false,"footnotes":""},"class_list":["post-93416","page","type-page","status-publish","hentry"],"acf":[],"yoast_head":"<!-- This site is optimized with the Yoast SEO plugin v25.2 - https:\/\/yoast.com\/wordpress\/plugins\/seo\/ -->\n<title>Notre engagement - Policy Options<\/title>\n<meta name=\"robots\" content=\"index, follow, max-snippet:-1, max-image-preview:large, max-video-preview:-1\" \/>\n<link rel=\"canonical\" href=\"https:\/\/potestlaunch.irpp.org\/fr\/a-propos\/notre-engagement\/\" \/>\n<meta property=\"og:locale\" content=\"fr_FR\" \/>\n<meta property=\"og:type\" content=\"article\" \/>\n<meta property=\"og:title\" content=\"Notre engagement - Policy Options\" \/>\n<meta property=\"og:description\" content=\"Options politiques&nbsp;est la revue num\u00e9rique de l&rsquo;Institut de recherche en politiques publiques. Tous les jours, quelque part au pays, un haut fonctionnaire ou un politicien, un chercheur, un dirigeant d\u2019entreprise ou d\u2019ONG se tourne vers un coll\u00e8gue pour lui poser cette question&nbsp;: quelles sont nos options \u00ab politiques&nbsp;\u00bb ? Tous \u00e9tudient les d\u00e9fis que doivent [&hellip;]\" \/>\n<meta property=\"og:url\" content=\"https:\/\/potestlaunch.irpp.org\/fr\/a-propos\/notre-engagement\/\" \/>\n<meta property=\"og:site_name\" content=\"Policy Options\" \/>\n<meta property=\"article:publisher\" content=\"https:\/\/www.facebook.com\/IRPP.org\" \/>\n<meta property=\"article:modified_time\" content=\"2025-02-20T02:35:43+00:00\" \/>\n<meta property=\"og:image\" content=\"https:\/\/potestlaunch.irpp.org\/wp-content\/uploads\/2020\/10\/Facebook-Our-commitment-to-readers.jpg\" \/>\n\t<meta property=\"og:image:width\" content=\"1200\" \/>\n\t<meta property=\"og:image:height\" content=\"628\" \/>\n\t<meta property=\"og:image:type\" content=\"image\/jpeg\" \/>\n<meta name=\"twitter:card\" content=\"summary_large_image\" \/>\n<meta name=\"twitter:image\" content=\"https:\/\/potestlaunch.irpp.org\/wp-content\/uploads\/2020\/10\/Twitter-Our-commitment-to-readers.jpg\" \/>\n<meta name=\"twitter:site\" content=\"@irpp\" \/>\n<meta name=\"twitter:label1\" content=\"Est. reading time\" \/>\n\t<meta name=\"twitter:data1\" content=\"3 minutes\" \/>\n<script type=\"application\/ld+json\" class=\"yoast-schema-graph\">{\"@context\":\"https:\/\/schema.org\",\"@graph\":[{\"@type\":\"WebPage\",\"@id\":\"https:\/\/potestlaunch.irpp.org\/fr\/a-propos\/notre-engagement\/\",\"url\":\"https:\/\/potestlaunch.irpp.org\/fr\/a-propos\/notre-engagement\/\",\"name\":\"Notre engagement - Policy Options\",\"isPartOf\":{\"@id\":\"https:\/\/potestlaunch.irpp.org\/fr\/#website\"},\"primaryImageOfPage\":{\"@id\":\"https:\/\/potestlaunch.irpp.org\/fr\/a-propos\/notre-engagement\/#primaryimage\"},\"image\":{\"@id\":\"https:\/\/potestlaunch.irpp.org\/fr\/a-propos\/notre-engagement\/#primaryimage\"},\"thumbnailUrl\":\"https:\/\/potestlaunch.irpp.org\/wp-content\/uploads\/2021\/06\/wordmark_C.png-300x71.png\",\"datePublished\":\"2020-10-14T18:41:19+00:00\",\"dateModified\":\"2025-02-20T02:35:43+00:00\",\"breadcrumb\":{\"@id\":\"https:\/\/potestlaunch.irpp.org\/fr\/a-propos\/notre-engagement\/#breadcrumb\"},\"inLanguage\":\"fr-FR\",\"potentialAction\":[{\"@type\":\"ReadAction\",\"target\":[\"https:\/\/potestlaunch.irpp.org\/fr\/a-propos\/notre-engagement\/\"]}]},{\"@type\":\"ImageObject\",\"inLanguage\":\"fr-FR\",\"@id\":\"https:\/\/potestlaunch.irpp.org\/fr\/a-propos\/notre-engagement\/#primaryimage\",\"url\":\"https:\/\/potestlaunch.irpp.org\/wp-content\/uploads\/2021\/06\/wordmark_C.png-300x71.png\",\"contentUrl\":\"https:\/\/potestlaunch.irpp.org\/wp-content\/uploads\/2021\/06\/wordmark_C.png-300x71.png\"},{\"@type\":\"BreadcrumbList\",\"@id\":\"https:\/\/potestlaunch.irpp.org\/fr\/a-propos\/notre-engagement\/#breadcrumb\",\"itemListElement\":[{\"@type\":\"ListItem\",\"position\":1,\"name\":\"Home\",\"item\":\"https:\/\/potestlaunch.irpp.org\/fr\/\"},{\"@type\":\"ListItem\",\"position\":2,\"name\":\"\u00c0 propos\",\"item\":\"https:\/\/potestlaunch.irpp.org\/fr\/a-propos\/\"},{\"@type\":\"ListItem\",\"position\":3,\"name\":\"Notre engagement\"}]},{\"@type\":\"WebSite\",\"@id\":\"https:\/\/potestlaunch.irpp.org\/fr\/#website\",\"url\":\"https:\/\/potestlaunch.irpp.org\/fr\/\",\"name\":\"Policy Options\",\"description\":\"Institute for Research on Public Policy\",\"publisher\":{\"@id\":\"https:\/\/potestlaunch.irpp.org\/fr\/#organization\"},\"potentialAction\":[{\"@type\":\"SearchAction\",\"target\":{\"@type\":\"EntryPoint\",\"urlTemplate\":\"https:\/\/potestlaunch.irpp.org\/fr\/?s={search_term_string}\"},\"query-input\":{\"@type\":\"PropertyValueSpecification\",\"valueRequired\":true,\"valueName\":\"search_term_string\"}}],\"inLanguage\":\"fr-FR\"},{\"@type\":\"Organization\",\"@id\":\"https:\/\/potestlaunch.irpp.org\/fr\/#organization\",\"name\":\"Policy Options\",\"url\":\"https:\/\/potestlaunch.irpp.org\/fr\/\",\"logo\":{\"@type\":\"ImageObject\",\"inLanguage\":\"fr-FR\",\"@id\":\"https:\/\/potestlaunch.irpp.org\/fr\/#\/schema\/logo\/image\/\",\"url\":\"https:\/\/potestlaunch.irpp.org\/wp-content\/uploads\/2024\/11\/PolicyOptions_Logo.png\",\"contentUrl\":\"https:\/\/potestlaunch.irpp.org\/wp-content\/uploads\/2024\/11\/PolicyOptions_Logo.png\",\"width\":1200,\"height\":365,\"caption\":\"Policy Options\"},\"image\":{\"@id\":\"https:\/\/potestlaunch.irpp.org\/fr\/#\/schema\/logo\/image\/\"},\"sameAs\":[\"https:\/\/www.facebook.com\/IRPP.org\",\"https:\/\/x.com\/irpp\"]}]}<\/script>\n<!-- \/ Yoast SEO plugin. -->","yoast_head_json":{"title":"Notre engagement - Policy Options","robots":{"index":"index","follow":"follow","max-snippet":"max-snippet:-1","max-image-preview":"max-image-preview:large","max-video-preview":"max-video-preview:-1"},"canonical":"https:\/\/potestlaunch.irpp.org\/fr\/a-propos\/notre-engagement\/","og_locale":"fr_FR","og_type":"article","og_title":"Notre engagement - Policy Options","og_description":"Options politiques&nbsp;est la revue num\u00e9rique de l&rsquo;Institut de recherche en politiques publiques. Tous les jours, quelque part au pays, un haut fonctionnaire ou un politicien, un chercheur, un dirigeant d\u2019entreprise ou d\u2019ONG se tourne vers un coll\u00e8gue pour lui poser cette question&nbsp;: quelles sont nos options \u00ab politiques&nbsp;\u00bb ? Tous \u00e9tudient les d\u00e9fis que doivent [&hellip;]","og_url":"https:\/\/potestlaunch.irpp.org\/fr\/a-propos\/notre-engagement\/","og_site_name":"Policy Options","article_publisher":"https:\/\/www.facebook.com\/IRPP.org","article_modified_time":"2025-02-20T02:35:43+00:00","og_image":[{"width":1200,"height":628,"url":"https:\/\/potestlaunch.irpp.org\/wp-content\/uploads\/2020\/10\/Facebook-Our-commitment-to-readers.jpg","type":"image\/jpeg"}],"twitter_card":"summary_large_image","twitter_image":"https:\/\/potestlaunch.irpp.org\/wp-content\/uploads\/2020\/10\/Twitter-Our-commitment-to-readers.jpg","twitter_site":"@irpp","twitter_misc":{"Est. reading time":"3 minutes"},"schema":{"@context":"https:\/\/schema.org","@graph":[{"@type":"WebPage","@id":"https:\/\/potestlaunch.irpp.org\/fr\/a-propos\/notre-engagement\/","url":"https:\/\/potestlaunch.irpp.org\/fr\/a-propos\/notre-engagement\/","name":"Notre engagement - Policy Options","isPartOf":{"@id":"https:\/\/potestlaunch.irpp.org\/fr\/#website"},"primaryImageOfPage":{"@id":"https:\/\/potestlaunch.irpp.org\/fr\/a-propos\/notre-engagement\/#primaryimage"},"image":{"@id":"https:\/\/potestlaunch.irpp.org\/fr\/a-propos\/notre-engagement\/#primaryimage"},"thumbnailUrl":"https:\/\/potestlaunch.irpp.org\/wp-content\/uploads\/2021\/06\/wordmark_C.png-300x71.png","datePublished":"2020-10-14T18:41:19+00:00","dateModified":"2025-02-20T02:35:43+00:00","breadcrumb":{"@id":"https:\/\/potestlaunch.irpp.org\/fr\/a-propos\/notre-engagement\/#breadcrumb"},"inLanguage":"fr-FR","potentialAction":[{"@type":"ReadAction","target":["https:\/\/potestlaunch.irpp.org\/fr\/a-propos\/notre-engagement\/"]}]},{"@type":"ImageObject","inLanguage":"fr-FR","@id":"https:\/\/potestlaunch.irpp.org\/fr\/a-propos\/notre-engagement\/#primaryimage","url":"https:\/\/potestlaunch.irpp.org\/wp-content\/uploads\/2021\/06\/wordmark_C.png-300x71.png","contentUrl":"https:\/\/potestlaunch.irpp.org\/wp-content\/uploads\/2021\/06\/wordmark_C.png-300x71.png"},{"@type":"BreadcrumbList","@id":"https:\/\/potestlaunch.irpp.org\/fr\/a-propos\/notre-engagement\/#breadcrumb","itemListElement":[{"@type":"ListItem","position":1,"name":"Home","item":"https:\/\/potestlaunch.irpp.org\/fr\/"},{"@type":"ListItem","position":2,"name":"\u00c0 propos","item":"https:\/\/potestlaunch.irpp.org\/fr\/a-propos\/"},{"@type":"ListItem","position":3,"name":"Notre engagement"}]},{"@type":"WebSite","@id":"https:\/\/potestlaunch.irpp.org\/fr\/#website","url":"https:\/\/potestlaunch.irpp.org\/fr\/","name":"Policy Options","description":"Institute for Research on Public Policy","publisher":{"@id":"https:\/\/potestlaunch.irpp.org\/fr\/#organization"},"potentialAction":[{"@type":"SearchAction","target":{"@type":"EntryPoint","urlTemplate":"https:\/\/potestlaunch.irpp.org\/fr\/?s={search_term_string}"},"query-input":{"@type":"PropertyValueSpecification","valueRequired":true,"valueName":"search_term_string"}}],"inLanguage":"fr-FR"},{"@type":"Organization","@id":"https:\/\/potestlaunch.irpp.org\/fr\/#organization","name":"Policy Options","url":"https:\/\/potestlaunch.irpp.org\/fr\/","logo":{"@type":"ImageObject","inLanguage":"fr-FR","@id":"https:\/\/potestlaunch.irpp.org\/fr\/#\/schema\/logo\/image\/","url":"https:\/\/potestlaunch.irpp.org\/wp-content\/uploads\/2024\/11\/PolicyOptions_Logo.png","contentUrl":"https:\/\/potestlaunch.irpp.org\/wp-content\/uploads\/2024\/11\/PolicyOptions_Logo.png","width":1200,"height":365,"caption":"Policy Options"},"image":{"@id":"https:\/\/potestlaunch.irpp.org\/fr\/#\/schema\/logo\/image\/"},"sameAs":["https:\/\/www.facebook.com\/IRPP.org","https:\/\/x.com\/irpp"]}]}},"_links":{"self":[{"href":"https:\/\/potestlaunch.irpp.org\/fr\/wp-json\/wp\/v2\/pages\/93416","targetHints":{"allow":["GET"]}}],"collection":[{"href":"https:\/\/potestlaunch.irpp.org\/fr\/wp-json\/wp\/v2\/pages"}],"about":[{"href":"https:\/\/potestlaunch.irpp.org\/fr\/wp-json\/wp\/v2\/types\/page"}],"author":[{"embeddable":true,"href":"https:\/\/potestlaunch.irpp.org\/fr\/wp-json\/wp\/v2\/users\/865"}],"replies":[{"embeddable":true,"href":"https:\/\/potestlaunch.irpp.org\/fr\/wp-json\/wp\/v2\/comments?post=93416"}],"version-history":[{"count":0,"href":"https:\/\/potestlaunch.irpp.org\/fr\/wp-json\/wp\/v2\/pages\/93416\/revisions"}],"up":[{"embeddable":true,"href":"https:\/\/potestlaunch.irpp.org\/fr\/wp-json\/wp\/v2\/pages\/17967"}],"wp:attachment":[{"href":"https:\/\/potestlaunch.irpp.org\/fr\/wp-json\/wp\/v2\/media?parent=93416"}],"curies":[{"name":"wp","href":"https:\/\/api.w.org\/{rel}","templated":true}]}}