{"id":96037,"date":"2021-02-17T11:55:31","date_gmt":"2021-02-17T16:55:31","guid":{"rendered":"https:\/\/irpp-policy-options.local\/?page_id=96037"},"modified":"2025-03-24T15:35:34","modified_gmt":"2025-03-24T19:35:34","slug":"letters-to-the-editor","status":"publish","type":"page","link":"https:\/\/potestlaunch.irpp.org\/fr\/a-propos\/letters-to-the-editor\/","title":{"rendered":"Courrier des lecteurs"},"content":{"rendered":"\t\t<div data-elementor-type=\"wp-page\" data-elementor-id=\"96037\" class=\"elementor elementor-96037 elementor-96036\" data-elementor-post-type=\"page\">\n\t\t\t\t<div class=\"elementor-element elementor-element-e82056a e-flex e-con-boxed e-con e-parent\" data-id=\"e82056a\" data-element_type=\"container\">\n\t\t\t\t\t<div class=\"e-con-inner\">\n\t\t\t\t<div class=\"elementor-element elementor-element-631ff29 elementor-widget elementor-widget-text-editor\" data-id=\"631ff29\" data-element_type=\"widget\" data-widget_type=\"text-editor.default\">\n\t\t\t\t<div class=\"elementor-widget-container\">\n\t\t\t\t\t\t\t\t\t<p><span class=\"ui-provider a b c d e f g h i j k l m n o p q r s t u v w x y z ab ac ae af ag ah ai aj ak\" dir=\"ltr\">Pour commenter un article que vous avez lu dans <i>Options politiques<\/i> ou des id\u00e9es entendues dans notre balado, \u00e9crivez-nous \u00e0 <span class=\"s1\"><a href=\"mailto:policyoptions@irpp.org\"><span class=\"s3\">policyoptions@irpp.org<\/span><\/a><\/span> en indiquant votre nom complet. Dans l\u2019esprit de notre <a class=\"fui-Link ___10kug0w f3rmtva f1ewtqcl fyind8e f1k6fduh f1w7gpdv fk6fouc fjoy568 figsok6 f1hu3pq6 f11qmguv f19f4twv f1tyq0we f1g0x7ka fhxju0i f1qch9an f1cnd47f fqv5qza f1vmzxwi f1o700av f13mvf36 f1cmlufx f9n3di6 f1ids18y f1tx3yz7 f1deo86v f1eh06m1 f1iescvh fhgqx19 f1olyrje f1p93eir f1nev41a f1h8hb77 f1lqvz6u f10aw75t fsle3fq f17ae5zn\" title=\"https:\/\/potestlaunch.irpp.org\/fr\/notre-engagement\/\" href=\"https:\/\/potestlaunch.irpp.org\/fr\/notre-engagement\/\" target=\"_blank\" rel=\"noreferrer noopener\" aria-label=\"Link engagement envers les lecteurs\">engagement envers les lecteurs<\/a>, vos commentaires doivent \u00eatre respectueux, constructifs et respectueux de la v\u00e9racit\u00e9 des faits. Les commentaires ne doivent pas d\u00e9passer 300 mots. Nous ne publierons pas toutes les lettres ni n\u2019y r\u00e9pondrons, mais soyez assur\u00e9 que nous les lisons toutes attentivement. Si vous souhaitez proposer un article complet sur un sujet, nous accueillons une diversit\u00e9 d\u2019opinions dans nos pages. Vous pouvez consulter nos <a class=\"fui-Link ___10kug0w f3rmtva f1ewtqcl fyind8e f1k6fduh f1w7gpdv fk6fouc fjoy568 figsok6 f1hu3pq6 f11qmguv f19f4twv f1tyq0we f1g0x7ka fhxju0i f1qch9an f1cnd47f fqv5qza f1vmzxwi f1o700av f13mvf36 f1cmlufx f9n3di6 f1ids18y f1tx3yz7 f1deo86v f1eh06m1 f1iescvh fhgqx19 f1olyrje f1p93eir f1nev41a f1h8hb77 f1lqvz6u f10aw75t fsle3fq f17ae5zn\" title=\"https:\/\/potestlaunch.irpp.org\/fr\/soumission-darticles-a-options-politiques\/\" href=\"https:\/\/potestlaunch.irpp.org\/fr\/soumission-darticles-a-options-politiques\/\" target=\"_blank\" rel=\"noreferrer noopener\" aria-label=\"Link lignes directrices ici\">lignes directrices ici<\/a>.<\/span><\/p>\t\t\t\t\t\t\t\t<\/div>\n\t\t\t\t<\/div>\n\t\t\t\t\t<\/div>\n\t\t\t\t<\/div>\n\t\t\t\t<\/div>\n\t\t","protected":false},"excerpt":{"rendered":"<p>Pour commenter un article que vous avez lu dans Options politiques ou des id\u00e9es entendues dans notre balado, \u00e9crivez-nous \u00e0 policyoptions@irpp.org en indiquant votre nom complet. Dans l\u2019esprit de notre engagement envers les lecteurs, vos commentaires doivent \u00eatre respectueux, constructifs et respectueux de la v\u00e9racit\u00e9 des faits. Les commentaires ne doivent pas d\u00e9passer 300 mots. [&hellip;]<\/p>\n","protected":false},"author":1,"featured_media":0,"parent":17967,"menu_order":0,"comment_status":"closed","ping_status":"closed","template":"","meta":{"_acf_changed":false,"content-type":"","ep_exclude_from_search":false,"footnotes":""},"class_list":["post-96037","page","type-page","status-publish","hentry"],"acf":[],"yoast_head":"<!-- This site is optimized with the Yoast SEO plugin v25.2 - https:\/\/yoast.com\/wordpress\/plugins\/seo\/ -->\n<title>Courrier des lecteurs - Policy Options<\/title>\n<meta name=\"robots\" content=\"index, follow, max-snippet:-1, max-image-preview:large, max-video-preview:-1\" \/>\n<link rel=\"canonical\" href=\"https:\/\/potestlaunch.irpp.org\/fr\/a-propos\/letters-to-the-editor\/\" \/>\n<meta property=\"og:locale\" content=\"fr_FR\" \/>\n<meta property=\"og:type\" content=\"article\" \/>\n<meta property=\"og:title\" content=\"Courrier des lecteurs - Policy Options\" \/>\n<meta property=\"og:description\" content=\"Pour commenter un article que vous avez lu dans Options politiques ou des id\u00e9es entendues dans notre balado, \u00e9crivez-nous \u00e0 policyoptions@irpp.org en indiquant votre nom complet. Dans l\u2019esprit de notre engagement envers les lecteurs, vos commentaires doivent \u00eatre respectueux, constructifs et respectueux de la v\u00e9racit\u00e9 des faits. Les commentaires ne doivent pas d\u00e9passer 300 mots. [&hellip;]\" \/>\n<meta property=\"og:url\" content=\"https:\/\/potestlaunch.irpp.org\/fr\/a-propos\/letters-to-the-editor\/\" \/>\n<meta property=\"og:site_name\" content=\"Policy Options\" \/>\n<meta property=\"article:publisher\" content=\"https:\/\/www.facebook.com\/IRPP.org\" \/>\n<meta property=\"article:modified_time\" content=\"2025-03-24T19:35:34+00:00\" \/>\n<meta property=\"og:image\" content=\"https:\/\/potestlaunch.irpp.org\/wp-content\/uploads\/2019\/04\/policy-options-og-image.jpg\" \/>\n\t<meta property=\"og:image:width\" content=\"1200\" \/>\n\t<meta property=\"og:image:height\" content=\"630\" \/>\n\t<meta property=\"og:image:type\" content=\"image\/jpeg\" \/>\n<meta name=\"twitter:card\" content=\"summary_large_image\" \/>\n<meta name=\"twitter:site\" content=\"@irpp\" \/>\n<meta name=\"twitter:label1\" content=\"Est. reading time\" \/>\n\t<meta name=\"twitter:data1\" content=\"1 minute\" \/>\n<script type=\"application\/ld+json\" class=\"yoast-schema-graph\">{\"@context\":\"https:\/\/schema.org\",\"@graph\":[{\"@type\":\"WebPage\",\"@id\":\"https:\/\/potestlaunch.irpp.org\/fr\/a-propos\/letters-to-the-editor\/\",\"url\":\"https:\/\/potestlaunch.irpp.org\/fr\/a-propos\/letters-to-the-editor\/\",\"name\":\"Courrier des lecteurs - Policy Options\",\"isPartOf\":{\"@id\":\"https:\/\/potestlaunch.irpp.org\/fr\/#website\"},\"datePublished\":\"2021-02-17T16:55:31+00:00\",\"dateModified\":\"2025-03-24T19:35:34+00:00\",\"breadcrumb\":{\"@id\":\"https:\/\/potestlaunch.irpp.org\/fr\/a-propos\/letters-to-the-editor\/#breadcrumb\"},\"inLanguage\":\"fr-FR\",\"potentialAction\":[{\"@type\":\"ReadAction\",\"target\":[\"https:\/\/potestlaunch.irpp.org\/fr\/a-propos\/letters-to-the-editor\/\"]}]},{\"@type\":\"BreadcrumbList\",\"@id\":\"https:\/\/potestlaunch.irpp.org\/fr\/a-propos\/letters-to-the-editor\/#breadcrumb\",\"itemListElement\":[{\"@type\":\"ListItem\",\"position\":1,\"name\":\"Home\",\"item\":\"https:\/\/potestlaunch.irpp.org\/fr\/\"},{\"@type\":\"ListItem\",\"position\":2,\"name\":\"\u00c0 propos\",\"item\":\"https:\/\/potestlaunch.irpp.org\/fr\/a-propos\/\"},{\"@type\":\"ListItem\",\"position\":3,\"name\":\"Courrier des lecteurs\"}]},{\"@type\":\"WebSite\",\"@id\":\"https:\/\/potestlaunch.irpp.org\/fr\/#website\",\"url\":\"https:\/\/potestlaunch.irpp.org\/fr\/\",\"name\":\"Policy Options\",\"description\":\"Institute for Research on Public Policy\",\"publisher\":{\"@id\":\"https:\/\/potestlaunch.irpp.org\/fr\/#organization\"},\"potentialAction\":[{\"@type\":\"SearchAction\",\"target\":{\"@type\":\"EntryPoint\",\"urlTemplate\":\"https:\/\/potestlaunch.irpp.org\/fr\/?s={search_term_string}\"},\"query-input\":{\"@type\":\"PropertyValueSpecification\",\"valueRequired\":true,\"valueName\":\"search_term_string\"}}],\"inLanguage\":\"fr-FR\"},{\"@type\":\"Organization\",\"@id\":\"https:\/\/potestlaunch.irpp.org\/fr\/#organization\",\"name\":\"Policy Options\",\"url\":\"https:\/\/potestlaunch.irpp.org\/fr\/\",\"logo\":{\"@type\":\"ImageObject\",\"inLanguage\":\"fr-FR\",\"@id\":\"https:\/\/potestlaunch.irpp.org\/fr\/#\/schema\/logo\/image\/\",\"url\":\"https:\/\/potestlaunch.irpp.org\/wp-content\/uploads\/2024\/11\/PolicyOptions_Logo.png\",\"contentUrl\":\"https:\/\/potestlaunch.irpp.org\/wp-content\/uploads\/2024\/11\/PolicyOptions_Logo.png\",\"width\":1200,\"height\":365,\"caption\":\"Policy Options\"},\"image\":{\"@id\":\"https:\/\/potestlaunch.irpp.org\/fr\/#\/schema\/logo\/image\/\"},\"sameAs\":[\"https:\/\/www.facebook.com\/IRPP.org\",\"https:\/\/x.com\/irpp\"]}]}<\/script>\n<!-- \/ Yoast SEO plugin. -->","yoast_head_json":{"title":"Courrier des lecteurs - Policy Options","robots":{"index":"index","follow":"follow","max-snippet":"max-snippet:-1","max-image-preview":"max-image-preview:large","max-video-preview":"max-video-preview:-1"},"canonical":"https:\/\/potestlaunch.irpp.org\/fr\/a-propos\/letters-to-the-editor\/","og_locale":"fr_FR","og_type":"article","og_title":"Courrier des lecteurs - Policy Options","og_description":"Pour commenter un article que vous avez lu dans Options politiques ou des id\u00e9es entendues dans notre balado, \u00e9crivez-nous \u00e0 policyoptions@irpp.org en indiquant votre nom complet. Dans l\u2019esprit de notre engagement envers les lecteurs, vos commentaires doivent \u00eatre respectueux, constructifs et respectueux de la v\u00e9racit\u00e9 des faits. Les commentaires ne doivent pas d\u00e9passer 300 mots. [&hellip;]","og_url":"https:\/\/potestlaunch.irpp.org\/fr\/a-propos\/letters-to-the-editor\/","og_site_name":"Policy Options","article_publisher":"https:\/\/www.facebook.com\/IRPP.org","article_modified_time":"2025-03-24T19:35:34+00:00","og_image":[{"width":1200,"height":630,"url":"https:\/\/potestlaunch.irpp.org\/wp-content\/uploads\/2019\/04\/policy-options-og-image.jpg","type":"image\/jpeg"}],"twitter_card":"summary_large_image","twitter_site":"@irpp","twitter_misc":{"Est. reading time":"1 minute"},"schema":{"@context":"https:\/\/schema.org","@graph":[{"@type":"WebPage","@id":"https:\/\/potestlaunch.irpp.org\/fr\/a-propos\/letters-to-the-editor\/","url":"https:\/\/potestlaunch.irpp.org\/fr\/a-propos\/letters-to-the-editor\/","name":"Courrier des lecteurs - Policy Options","isPartOf":{"@id":"https:\/\/potestlaunch.irpp.org\/fr\/#website"},"datePublished":"2021-02-17T16:55:31+00:00","dateModified":"2025-03-24T19:35:34+00:00","breadcrumb":{"@id":"https:\/\/potestlaunch.irpp.org\/fr\/a-propos\/letters-to-the-editor\/#breadcrumb"},"inLanguage":"fr-FR","potentialAction":[{"@type":"ReadAction","target":["https:\/\/potestlaunch.irpp.org\/fr\/a-propos\/letters-to-the-editor\/"]}]},{"@type":"BreadcrumbList","@id":"https:\/\/potestlaunch.irpp.org\/fr\/a-propos\/letters-to-the-editor\/#breadcrumb","itemListElement":[{"@type":"ListItem","position":1,"name":"Home","item":"https:\/\/potestlaunch.irpp.org\/fr\/"},{"@type":"ListItem","position":2,"name":"\u00c0 propos","item":"https:\/\/potestlaunch.irpp.org\/fr\/a-propos\/"},{"@type":"ListItem","position":3,"name":"Courrier des lecteurs"}]},{"@type":"WebSite","@id":"https:\/\/potestlaunch.irpp.org\/fr\/#website","url":"https:\/\/potestlaunch.irpp.org\/fr\/","name":"Policy Options","description":"Institute for Research on Public Policy","publisher":{"@id":"https:\/\/potestlaunch.irpp.org\/fr\/#organization"},"potentialAction":[{"@type":"SearchAction","target":{"@type":"EntryPoint","urlTemplate":"https:\/\/potestlaunch.irpp.org\/fr\/?s={search_term_string}"},"query-input":{"@type":"PropertyValueSpecification","valueRequired":true,"valueName":"search_term_string"}}],"inLanguage":"fr-FR"},{"@type":"Organization","@id":"https:\/\/potestlaunch.irpp.org\/fr\/#organization","name":"Policy Options","url":"https:\/\/potestlaunch.irpp.org\/fr\/","logo":{"@type":"ImageObject","inLanguage":"fr-FR","@id":"https:\/\/potestlaunch.irpp.org\/fr\/#\/schema\/logo\/image\/","url":"https:\/\/potestlaunch.irpp.org\/wp-content\/uploads\/2024\/11\/PolicyOptions_Logo.png","contentUrl":"https:\/\/potestlaunch.irpp.org\/wp-content\/uploads\/2024\/11\/PolicyOptions_Logo.png","width":1200,"height":365,"caption":"Policy Options"},"image":{"@id":"https:\/\/potestlaunch.irpp.org\/fr\/#\/schema\/logo\/image\/"},"sameAs":["https:\/\/www.facebook.com\/IRPP.org","https:\/\/x.com\/irpp"]}]}},"_links":{"self":[{"href":"https:\/\/potestlaunch.irpp.org\/fr\/wp-json\/wp\/v2\/pages\/96037","targetHints":{"allow":["GET"]}}],"collection":[{"href":"https:\/\/potestlaunch.irpp.org\/fr\/wp-json\/wp\/v2\/pages"}],"about":[{"href":"https:\/\/potestlaunch.irpp.org\/fr\/wp-json\/wp\/v2\/types\/page"}],"author":[{"embeddable":true,"href":"https:\/\/potestlaunch.irpp.org\/fr\/wp-json\/wp\/v2\/users\/1"}],"replies":[{"embeddable":true,"href":"https:\/\/potestlaunch.irpp.org\/fr\/wp-json\/wp\/v2\/comments?post=96037"}],"version-history":[{"count":0,"href":"https:\/\/potestlaunch.irpp.org\/fr\/wp-json\/wp\/v2\/pages\/96037\/revisions"}],"up":[{"embeddable":true,"href":"https:\/\/potestlaunch.irpp.org\/fr\/wp-json\/wp\/v2\/pages\/17967"}],"wp:attachment":[{"href":"https:\/\/potestlaunch.irpp.org\/fr\/wp-json\/wp\/v2\/media?parent=96037"}],"curies":[{"name":"wp","href":"https:\/\/api.w.org\/{rel}","templated":true}]}}